{"id":374,"date":"2019-10-11T03:11:58","date_gmt":"2019-10-11T06:11:58","guid":{"rendered":"https:\/\/seminarioteologicobetel.com.br\/?page_id=374"},"modified":"2025-03-27T15:36:03","modified_gmt":"2025-03-27T18:36:03","slug":"teologia-semipresencial","status":"publish","type":"page","link":"https:\/\/seminarioteologicobetel.com.br\/?page_id=374","title":{"rendered":"Teologia Semipresencial"},"content":{"rendered":"<p>[et_pb_section fb_built=&#8221;1&#8243; admin_label=&#8221;section&#8221; _builder_version=&#8221;3.29.3&#8243; use_background_color_gradient=&#8221;on&#8221; background_color_gradient_start=&#8221;#0a80aa&#8221; background_color_gradient_end=&#8221;#0d5084&#8243; background_color_gradient_direction=&#8221;245deg&#8221; background_color_gradient_start_position=&#8221;59%&#8221; global_module=&#8221;88&#8243; saved_tabs=&#8221;all&#8221; fb_built=&#8221;1&#8243; background_color_gradient_end__hover=&#8221;rgba(0,75,132,0.48)&#8221; use_background_color_gradient__hover=&#8221;on&#8221; _i=&#8221;0&#8243; _address=&#8221;0&#8243;][et_pb_row admin_label=&#8221;row&#8221; _builder_version=&#8221;3.29.3&#8243; background_size=&#8221;initial&#8221; background_position=&#8221;top_left&#8221; background_repeat=&#8221;repeat&#8221; _i=&#8221;0&#8243; _address=&#8221;0.0&#8243;][et_pb_column type=&#8221;4_4&#8243; _builder_version=&#8221;3.25&#8243; custom_padding=&#8221;|||&#8221; _i=&#8221;0&#8243; _address=&#8221;0.0.0&#8243; custom_padding__hover=&#8221;|||&#8221;][et_pb_post_title meta=&#8221;off&#8221; featured_image=&#8221;off&#8221; admin_label=&#8221;T\u00edtulo da Publica\u00e7\u00e3o&#8221; _builder_version=&#8221;3.29.3&#8243; title_font=&#8221;Amethysta||||||||&#8221; title_text_color=&#8221;#ffffff&#8221; title_font_size=&#8221;50px&#8221; _i=&#8221;0&#8243; _address=&#8221;0.0.0.0&#8243;][\/et_pb_post_title][\/et_pb_column][\/et_pb_row][\/et_pb_section][et_pb_section fb_built=&#8221;1&#8243; _builder_version=&#8221;3.23.3&#8243; custom_padding=&#8221;21px|||||&#8221; fb_built=&#8221;1&#8243; _i=&#8221;1&#8243; _address=&#8221;1&#8243;][et_pb_row _builder_version=&#8221;3.25&#8243; custom_padding=&#8221;15px|||||&#8221; _i=&#8221;0&#8243; _address=&#8221;1.0&#8243;][et_pb_column type=&#8221;4_4&#8243; _builder_version=&#8221;3.25&#8243; custom_padding=&#8221;|||&#8221; _i=&#8221;0&#8243; _address=&#8221;1.0.0&#8243; custom_padding__hover=&#8221;|||&#8221;][et_pb_text _builder_version=&#8221;3.29.3&#8243; custom_padding=&#8221;2px|||||&#8221; _i=&#8221;0&#8243; _address=&#8221;1.0.0.0&#8243;]<\/p>\n<p style=\"text-align: justify;\">O Projeto Pol\u00edtico Pedag\u00f3gico para o Curso Livre de Teologia semipresencial \u00a0define-se por ser uma constru\u00e7\u00e3o coletiva da identidade de vocacionados da igreja evang\u00e9lica brasileira, que buscam seguir os ensinamentos do Mestre semeando a cultura do l\u00edder-servo. O projeto define uma concep\u00e7\u00e3o de l\u00edder, sociedade, eclesiologia, conhecimento, educa\u00e7\u00e3o, cultura, cidadania, ensino e aprendizagem e avalia\u00e7\u00e3o articulada \u00e0 dimens\u00e3o pol\u00edtico-pedag\u00f3gica de produzir uma concep\u00e7\u00e3o de l\u00edder-servo. Sua finalidade \u00e9 enfrentar os desafios das mudan\u00e7as e transforma\u00e7\u00f5es, tanto na forma como a igreja organiza o seu processo de trabalho pedag\u00f3gico como na gest\u00e3o que \u00e9 exercida, repensando a sua estrutura e estrat\u00e9gias de a\u00e7\u00e3o, um plano elaborado de forma reflexiva e sistematizado partindo das experi\u00eancias dos participantes do dia-a-dia acad\u00eamico do Semin\u00e1rio Teol\u00f3gico Betel e outros ambientes de estudos.<\/p>\n<p style=\"text-align: justify;\"><span style=\"font-size: 14px;\">A metodologia de ensino e aprendizagem do Semin\u00e1rio Teol\u00f3gico Betel est\u00e1 organizada da seguinte forma: aprender \u2013 produzir \u2013 praticar (APP). O APP \u00e9 um sistema de ensino X aprendizagem que parte do indiv\u00edduo para o coletivo. A proposta de ensino acontece a partir do conte\u00fado proposto pelo facilitador, para a produ\u00e7\u00e3o coletiva dos estudantes a partir de uma situa\u00e7\u00e3o problema em sala de aula, e a realiza\u00e7\u00e3o na pr\u00e1tica dos indiv\u00edduos na sua realidade di\u00e1ria ministerial.<\/span><\/p>\n<p style=\"text-align: justify;\">Para que aconte\u00e7a o APP com qualidade, o Semin\u00e1rio Teol\u00f3gico Betel sistematizou os conte\u00fados de forma que temas possam ser aprendidos em blocos de conhecimentos. Cada bloco possui um roteiro de aprendizagem, que permite o desenvolvimento do APP dos estudantes de forma individual e coletiva. O estudante passa a fazer parte do processo todo, e n\u00e3o mais, apenas um ouvinte e reprodutor das informa\u00e7\u00f5es passadas pelos professores. O professor passa a ser o facilitador do conte\u00fado.<\/p>\n<p style=\"text-align: justify;\">Para que esta metodologia de ensino alcance o sucesso esperado, faz-se necess\u00e1rio a inclus\u00e3o de mais dois facilitadores do APP. A equipe de cada bloco ser\u00e1 composta da seguinte forma: facilitador prim\u00e1rio, facilitador auxiliar e tutor.<\/p>\n<p style=\"text-align: justify;\">Cada bloco ter\u00e1 a dura\u00e7\u00e3o m\u00e1xima de 14 semanas. E reunir\u00e1 mat\u00e9rias similares e complementares na sua composi\u00e7\u00e3o. Nesta metodologia \u00e9 poss\u00edvel um estudante entrar em quaisquer dos blocos, com o limite de matr\u00edcula at\u00e9 a segunda aula presencial ministrada.<\/p>\n<p>[\/et_pb_text][\/et_pb_column][\/et_pb_row][et_pb_row column_structure=&#8221;3_5,2_5&#8243; _builder_version=&#8221;3.25&#8243; _i=&#8221;1&#8243; _address=&#8221;1.1&#8243;][et_pb_column type=&#8221;3_5&#8243; _builder_version=&#8221;3.25&#8243; custom_padding=&#8221;|||&#8221; _i=&#8221;0&#8243; _address=&#8221;1.1.0&#8243; custom_padding__hover=&#8221;|||&#8221;][et_pb_text _builder_version=&#8221;3.29.3&#8243; _i=&#8221;0&#8243; _address=&#8221;1.1.0.0&#8243;]<\/p>\n<h3><strong><em>Blocos<\/em><\/strong><\/h3>\n<p>[\/et_pb_text][et_pb_accordion _builder_version=&#8221;3.29.3&#8243; _i=&#8221;1&#8243; _address=&#8221;1.1.0.1&#8243;][et_pb_accordion_item title=&#8221;Bloco 01 &#8211; Epistemologia e Educa\u00e7\u00e3o&#8221; open=&#8221;on&#8221; _builder_version=&#8221;3.29.3&#8243; _i=&#8221;0&#8243; _address=&#8221;1.1.0.1.0&#8243;]<\/p>\n<p>Metodologia da pesquisa e Fundamentos da Educa\u00e7\u00e3o Crist\u00e3.<br \/>Docente Indicado: Jefferson dos Santos<\/p>\n<p>[\/et_pb_accordion_item][et_pb_accordion_item title=&#8221;Bloco 02 &#8211; Teologia da Hist\u00f3ria &#8221; _builder_version=&#8221;3.29.3&#8243; _i=&#8221;1&#8243; _address=&#8221;1.1.0.1.1&#8243; open=&#8221;off&#8221;]<\/p>\n<p>Hist\u00f3ria Eclesi\u00e1stica, de miss\u00f5es e eclesiologia.<br \/>Docente indicado: Let\u00edcia Santos<\/p>\n<p>[\/et_pb_accordion_item][et_pb_accordion_item title=&#8221;Bloco 03 &#8211; Humanidades &#8221; _builder_version=&#8221;3.29.3&#8243; _i=&#8221;2&#8243; _address=&#8221;1.1.0.1.2&#8243; open=&#8221;off&#8221;]<\/p>\n<p>Filosofia e Sociologia<br \/>Docente indicado: Neander Kraul<\/p>\n<p>[\/et_pb_accordion_item][et_pb_accordion_item title=&#8221;Bloco 04 &#8211; Antigo Testamento&#8221; _builder_version=&#8221;3.29.3&#8243; _i=&#8221;3&#8243; _address=&#8221;1.1.0.1.3&#8243; open=&#8221;off&#8221;]<\/p>\n<p style=\"font-weight: 400;\">Docente indicado: Adriano Moreira<\/p>\n<p>[\/et_pb_accordion_item][et_pb_accordion_item title=&#8221;Bloco 05 &#8211; Novo Testamento&#8221; _builder_version=&#8221;3.29.3&#8243; _i=&#8221;4&#8243; _address=&#8221;1.1.0.1.4&#8243; open=&#8221;off&#8221;]<\/p>\n<p>Docente indicado: Andr\u00e9 Morais<\/p>\n<p>[\/et_pb_accordion_item][et_pb_accordion_item title=&#8221;Bloco 06 &#8211; L\u00ednguas b\u00edblicas e interpreta\u00e7\u00e3o &#8221; _builder_version=&#8221;3.29.3&#8243; _i=&#8221;5&#8243; _address=&#8221;1.1.0.1.5&#8243; open=&#8221;off&#8221;]<\/p>\n<p>Portugu\u00eas Instrumental, Hebraico, Grego e Hermen\u00eautica.<br \/>Docente indicado: Andr\u00e9 Morais<\/p>\n<p>[\/et_pb_accordion_item][et_pb_accordion_item title=&#8221;Bloco 07 &#8211; Comunica\u00e7\u00e3o e Musicaliza\u00e7\u00e3o &#8221; _builder_version=&#8221;3.29.3&#8243; _i=&#8221;6&#8243; _address=&#8221;1.1.0.1.6&#8243; open=&#8221;off&#8221;]<\/p>\n<p>Homil\u00e9tica, Comunica\u00e7\u00e3o Visual, M\u00eddias Eletr\u00f4nicas e Louvor, Adora\u00e7\u00e3o e M\u00fasica.<br \/>Docente indicado: Edney Farnela<\/p>\n<p>[\/et_pb_accordion_item][et_pb_accordion_item title=&#8221;Bloco 08 &#8211; Gest\u00e3o eclesi\u00e1stica &#8221; _builder_version=&#8221;3.29.3&#8243; _i=&#8221;7&#8243; _address=&#8221;1.1.0.1.7&#8243; open=&#8221;off&#8221;]<\/p>\n<p>Administra\u00e7\u00e3o eclesi\u00e1stica, Filosofia de Minist\u00e9rio e Lideran\u00e7a.<br \/>Docente indicado: Edney Farnela<\/p>\n<p>[\/et_pb_accordion_item][et_pb_accordion_item title=&#8221;Bloco 09 &#8211; Aconselhamento e \u00c9tica ministerial&#8221; _builder_version=&#8221;3.29.3&#8243; _i=&#8221;8&#8243; _address=&#8221;1.1.0.1.8&#8243; open=&#8221;off&#8221;]<\/p>\n<p style=\"font-weight: 400;\">Docentes indicados: Damares Trindade e Neander Kraul<\/p>\n<p>[\/et_pb_accordion_item][et_pb_accordion_item title=&#8221;Bloco 10 &#8211; Teologia B\u00edblica&#8221; _builder_version=&#8221;3.29.3&#8243; _i=&#8221;9&#8243; _address=&#8221;1.1.0.1.9&#8243; open=&#8221;off&#8221;]<\/p>\n<p>Introdu\u00e7\u00e3o B\u00edblica e Teologia B\u00edblica.<br \/>Docente indicado: Davi Peregrina<\/p>\n<p>[\/et_pb_accordion_item][et_pb_accordion_item title=&#8221;Bloco 11 &#8211; Teologia Sistem\u00e1tica&#8221; _builder_version=&#8221;3.29.3&#8243; _i=&#8221;10&#8243; _address=&#8221;1.1.0.1.10&#8243; open=&#8221;off&#8221;]<\/p>\n<p style=\"font-weight: 400;\">Docentes indicados: Filipe Rei e Davi Peregrina.<\/p>\n<p>[\/et_pb_accordion_item][et_pb_accordion_item title=&#8221;Bloco 12 &#8211; T\u00f3picos em Teologia&#8221; _builder_version=&#8221;3.29.3&#8243; _i=&#8221;11&#8243; _address=&#8221;1.1.0.1.11&#8243; open=&#8221;off&#8221;]<\/p>\n<p style=\"font-weight: 400;\">Docente indicado: Henrique Ara\u00fajo<\/p>\n<p>[\/et_pb_accordion_item][et_pb_accordion_item title=&#8221;Bloco 13 &#8211; Projeto de Curso e Monografia&#8221; _builder_version=&#8221;3.29.3&#8243; _i=&#8221;12&#8243; _address=&#8221;1.1.0.1.12&#8243; open=&#8221;off&#8221;]<\/p>\n<p>Docente indicado: Jeferson dos Santos<\/p>\n<p>[\/et_pb_accordion_item][et_pb_accordion_item title=&#8221;Atividades Complementares&#8221; _builder_version=&#8221;3.29.3&#8243; _i=&#8221;13&#8243; _address=&#8221;1.1.0.1.13&#8243; open=&#8221;off&#8221;][\/et_pb_accordion_item][et_pb_accordion_item title=&#8221;Pr\u00e1ticas Devocionais&#8221; _builder_version=&#8221;3.29.3&#8243; _i=&#8221;14&#8243; _address=&#8221;1.1.0.1.14&#8243; open=&#8221;off&#8221;][\/et_pb_accordion_item][et_pb_accordion_item title=&#8221;Est\u00e1gio&#8221; _builder_version=&#8221;3.29.3&#8243; _i=&#8221;15&#8243; _address=&#8221;1.1.0.1.15&#8243; open=&#8221;off&#8221;][\/et_pb_accordion_item][\/et_pb_accordion][\/et_pb_column][et_pb_column type=&#8221;2_5&#8243; _builder_version=&#8221;3.25&#8243; custom_padding=&#8221;|||&#8221; _i=&#8221;1&#8243; _address=&#8221;1.1.1&#8243; custom_padding__hover=&#8221;|||&#8221;][et_pb_text _builder_version=&#8221;3.29.3&#8243; custom_padding=&#8221;||13px|||&#8221; _i=&#8221;0&#8243; _address=&#8221;1.1.1.0&#8243;]<\/p>\n<p><strong>Semipresencial<\/strong><\/p>\n<p>Aulas aos s\u00e1bados de 8h \u00e0s 15h.<br \/>Duas oportunidades de ingressar\u00a0<strong>por\u00a0semestre.<\/strong><\/p>\n<p><strong><em>Oferta mensal:<\/em><\/strong><\/p>\n<p><em>Matr\u00edcula: R$ 380,00<br \/>Mensalidade: R$ 380,00<\/em><em><br \/><\/em><strong>Dura\u00e7\u00e3o do curso:<\/strong> 3 anos e meio<\/p>\n<p>[\/et_pb_text][et_pb_text _builder_version=&#8221;3.29.3&#8243; _i=&#8221;1&#8243; _address=&#8221;1.1.1.1&#8243;]<\/p>\n<h3><strong><em>Requisitos para a matr\u00edcula<\/em><\/strong><\/h3>\n<ul>\n<li>Conclus\u00e3o do ensino m\u00e9dio ou equivalente;<\/li>\n<li>Prova de ser membro em plena comunh\u00e3o e atividade de igreja evang\u00e9lica;<\/li>\n<li>Recomenda\u00e7\u00e3o pastoral;<\/li>\n<li>Submeter-se \u00e0 entrevista.<\/li>\n<\/ul>\n<p>&nbsp;<\/p>\n<p>[\/et_pb_text][et_pb_text _builder_version=&#8221;3.29.3&#8243; _i=&#8221;2&#8243; _address=&#8221;1.1.1.2&#8243;]<\/p>\n<h3><strong>Fa\u00e7a sua Pr\u00e9-inscri\u00e7\u00e3o<\/strong><\/h3>\n<p>Preencha o formul\u00e1rio abaixo que lhe enviaremos um e-mail com as instru\u00e7\u00f5es para realizar a sua inscri\u00e7\u00e3o.<\/p>\n\n<div class=\"wpcf7 no-js\" id=\"wpcf7-f371-o1\" lang=\"pt-BR\" dir=\"ltr\" data-wpcf7-id=\"371\">\n<div class=\"screen-reader-response\"><p role=\"status\" aria-live=\"polite\" aria-atomic=\"true\"><\/p> <ul><\/ul><\/div>\n<form action=\"\/index.php?rest_route=%2Fwp%2Fv2%2Fpages%2F374#wpcf7-f371-o1\" method=\"post\" class=\"wpcf7-form init\" aria-label=\"Formul\u00e1rios de contato\" novalidate=\"novalidate\" data-status=\"init\">\n<fieldset class=\"hidden-fields-container\"><input type=\"hidden\" name=\"_wpcf7\" value=\"371\" \/><input type=\"hidden\" name=\"_wpcf7_version\" value=\"6.1.4\" \/><input type=\"hidden\" name=\"_wpcf7_locale\" value=\"pt_BR\" \/><input type=\"hidden\" name=\"_wpcf7_unit_tag\" value=\"wpcf7-f371-o1\" \/><input type=\"hidden\" name=\"_wpcf7_container_post\" value=\"0\" \/><input type=\"hidden\" name=\"_wpcf7_posted_data_hash\" value=\"\" \/>\n<\/fieldset>\n<p>Nome\n<\/p>\n<p><span class=\"wpcf7-form-control-wrap\" data-name=\"nome\"><input size=\"40\" maxlength=\"400\" class=\"wpcf7-form-control wpcf7-text wpcf7-validates-as-required input\" aria-required=\"true\" aria-invalid=\"false\" value=\"\" type=\"text\" name=\"nome\" \/><\/span>\n<\/p>\n<p>Telefone\n<\/p>\n<p><span class=\"wpcf7-form-control-wrap\" data-name=\"telefone\"><input size=\"40\" maxlength=\"400\" class=\"wpcf7-form-control wpcf7-text wpcf7-validates-as-required input\" aria-required=\"true\" aria-invalid=\"false\" value=\"\" type=\"text\" name=\"telefone\" \/><\/span>\n<\/p>\n<p>E-mail\n<\/p>\n<p><span class=\"wpcf7-form-control-wrap\" data-name=\"email\"><input size=\"40\" maxlength=\"400\" class=\"wpcf7-form-control wpcf7-email wpcf7-validates-as-required wpcf7-text wpcf7-validates-as-email input\" aria-required=\"true\" aria-invalid=\"false\" value=\"\" type=\"email\" name=\"email\" \/><\/span>\n<\/p>\n<p>Igreja\n<\/p>\n<p><span class=\"wpcf7-form-control-wrap\" data-name=\"igreja\"><input size=\"40\" maxlength=\"400\" class=\"wpcf7-form-control wpcf7-text wpcf7-validates-as-required input\" aria-required=\"true\" aria-invalid=\"false\" value=\"\" type=\"text\" name=\"igreja\" \/><\/span>\n<\/p>\n<p><input class=\"wpcf7-form-control wpcf7-submit has-spinner botao\" type=\"submit\" value=\"Enviar\" \/>\n<\/p><div class=\"wpcf7-response-output\" aria-hidden=\"true\"><\/div>\n<\/form>\n<\/div>\n\n<p><a href=\"https:\/\/seminarioteologicobetel.com.br\/?page_id=332\">Clique aqui para baixar os formul\u00e1rios necess\u00e1rios para inscri\u00e7\u00e3o.\u00a0<\/a><\/p>\n<p>[\/et_pb_text][\/et_pb_column][\/et_pb_row][\/et_pb_section]<\/p>\n","protected":false},"excerpt":{"rendered":"<p>[et_pb_section fb_built=&#8221;1&#8243; admin_label=&#8221;section&#8221; _builder_version=&#8221;3.29.3&#8243; use_background_color_gradient=&#8221;on&#8221; background_color_gradient_start=&#8221;#0a80aa&#8221; background_color_gradient_end=&#8221;#0d5084&#8243; background_color_gradient_direction=&#8221;245deg&#8221; background_color_gradient_start_position=&#8221;59%&#8221; global_module=&#8221;88&#8243; saved_tabs=&#8221;all&#8221; fb_built=&#8221;1&#8243; background_color_gradient_end__hover=&#8221;rgba(0,75,132,0.48)&#8221; use_background_color_gradient__hover=&#8221;on&#8221; _i=&#8221;0&#8243; _address=&#8221;0&#8243;][et_pb_row admin_label=&#8221;row&#8221; _builder_version=&#8221;3.29.3&#8243; background_size=&#8221;initial&#8221; background_position=&#8221;top_left&#8221; background_repeat=&#8221;repeat&#8221; _i=&#8221;0&#8243; _address=&#8221;0.0&#8243;][et_pb_column type=&#8221;4_4&#8243; _builder_version=&#8221;3.25&#8243; custom_padding=&#8221;|||&#8221; _i=&#8221;0&#8243; _address=&#8221;0.0.0&#8243; custom_padding__hover=&#8221;|||&#8221;][et_pb_post_title meta=&#8221;off&#8221; featured_image=&#8221;off&#8221; admin_label=&#8221;T\u00edtulo da Publica\u00e7\u00e3o&#8221; _builder_version=&#8221;3.29.3&#8243; title_font=&#8221;Amethysta||||||||&#8221; title_text_color=&#8221;#ffffff&#8221; title_font_size=&#8221;50px&#8221; _i=&#8221;0&#8243; _address=&#8221;0.0.0.0&#8243;][\/et_pb_post_title][\/et_pb_column][\/et_pb_row][\/et_pb_section][et_pb_section fb_built=&#8221;1&#8243; _builder_version=&#8221;3.23.3&#8243; custom_padding=&#8221;21px|||||&#8221; fb_built=&#8221;1&#8243; _i=&#8221;1&#8243; _address=&#8221;1&#8243;][et_pb_row _builder_version=&#8221;3.25&#8243; custom_padding=&#8221;15px|||||&#8221; _i=&#8221;0&#8243; _address=&#8221;1.0&#8243;][et_pb_column type=&#8221;4_4&#8243; _builder_version=&#8221;3.25&#8243; custom_padding=&#8221;|||&#8221; _i=&#8221;0&#8243; _address=&#8221;1.0.0&#8243; [&hellip;]<\/p>\n","protected":false},"author":1,"featured_media":0,"parent":0,"menu_order":0,"comment_status":"closed","ping_status":"closed","template":"","meta":{"_et_pb_use_builder":"on","_et_pb_old_content":"","footnotes":""},"class_list":["post-374","page","type-page","status-publish","hentry"],"yoast_head":"<!-- This site is optimized with the Yoast SEO plugin v26.7 - https:\/\/yoast.com\/wordpress\/plugins\/seo\/ -->\n<title>Teologia Semipresencial - Semin\u00e1rio Teol\u00f3gico Betel<\/title>\n<meta name=\"robots\" content=\"noindex, follow, max-snippet:-1, max-image-preview:large, max-video-preview:-1\" \/>\n<meta property=\"og:locale\" content=\"pt_BR\" \/>\n<meta property=\"og:type\" content=\"article\" \/>\n<meta property=\"og:title\" content=\"Teologia Semipresencial - Semin\u00e1rio Teol\u00f3gico Betel\" \/>\n<meta property=\"og:description\" content=\"[et_pb_section fb_built=&#8221;1&#8243; admin_label=&#8221;section&#8221; _builder_version=&#8221;3.29.3&#8243; use_background_color_gradient=&#8221;on&#8221; background_color_gradient_start=&#8221;#0a80aa&#8221; background_color_gradient_end=&#8221;#0d5084&#8243; background_color_gradient_direction=&#8221;245deg&#8221; background_color_gradient_start_position=&#8221;59%&#8221; global_module=&#8221;88&#8243; saved_tabs=&#8221;all&#8221; fb_built=&#8221;1&#8243; background_color_gradient_end__hover=&#8221;rgba(0,75,132,0.48)&#8221; use_background_color_gradient__hover=&#8221;on&#8221; _i=&#8221;0&#8243; _address=&#8221;0&#8243;][et_pb_row admin_label=&#8221;row&#8221; _builder_version=&#8221;3.29.3&#8243; background_size=&#8221;initial&#8221; background_position=&#8221;top_left&#8221; background_repeat=&#8221;repeat&#8221; _i=&#8221;0&#8243; _address=&#8221;0.0&#8243;][et_pb_column type=&#8221;4_4&#8243; _builder_version=&#8221;3.25&#8243; custom_padding=&#8221;|||&#8221; _i=&#8221;0&#8243; _address=&#8221;0.0.0&#8243; custom_padding__hover=&#8221;|||&#8221;][et_pb_post_title meta=&#8221;off&#8221; featured_image=&#8221;off&#8221; admin_label=&#8221;T\u00edtulo da Publica\u00e7\u00e3o&#8221; _builder_version=&#8221;3.29.3&#8243; title_font=&#8221;Amethysta||||||||&#8221; title_text_color=&#8221;#ffffff&#8221; title_font_size=&#8221;50px&#8221; _i=&#8221;0&#8243; _address=&#8221;0.0.0.0&#8243;][\/et_pb_post_title][\/et_pb_column][\/et_pb_row][\/et_pb_section][et_pb_section fb_built=&#8221;1&#8243; _builder_version=&#8221;3.23.3&#8243; custom_padding=&#8221;21px|||||&#8221; fb_built=&#8221;1&#8243; _i=&#8221;1&#8243; _address=&#8221;1&#8243;][et_pb_row _builder_version=&#8221;3.25&#8243; custom_padding=&#8221;15px|||||&#8221; _i=&#8221;0&#8243; _address=&#8221;1.0&#8243;][et_pb_column type=&#8221;4_4&#8243; _builder_version=&#8221;3.25&#8243; custom_padding=&#8221;|||&#8221; _i=&#8221;0&#8243; _address=&#8221;1.0.0&#8243; [&hellip;]\" \/>\n<meta property=\"og:url\" content=\"https:\/\/seminarioteologicobetel.com.br\/?page_id=374\" \/>\n<meta property=\"og:site_name\" content=\"Semin\u00e1rio Teol\u00f3gico Betel\" \/>\n<meta property=\"article:modified_time\" content=\"2025-03-27T18:36:03+00:00\" \/>\n<meta name=\"twitter:card\" content=\"summary_large_image\" \/>\n<meta name=\"twitter:label1\" content=\"Est. tempo de leitura\" \/>\n\t<meta name=\"twitter:data1\" content=\"5 minutos\" \/>\n<script type=\"application\/ld+json\" class=\"yoast-schema-graph\">{\"@context\":\"https:\/\/schema.org\",\"@graph\":[{\"@type\":\"WebPage\",\"@id\":\"https:\/\/seminarioteologicobetel.com.br\/?page_id=374\",\"url\":\"https:\/\/seminarioteologicobetel.com.br\/?page_id=374\",\"name\":\"Teologia Semipresencial - Semin\u00e1rio Teol\u00f3gico Betel\",\"isPartOf\":{\"@id\":\"http:\/\/seminarioteologicobetel.com.br\/#website\"},\"datePublished\":\"2019-10-11T06:11:58+00:00\",\"dateModified\":\"2025-03-27T18:36:03+00:00\",\"breadcrumb\":{\"@id\":\"https:\/\/seminarioteologicobetel.com.br\/?page_id=374#breadcrumb\"},\"inLanguage\":\"pt-BR\",\"potentialAction\":[{\"@type\":\"ReadAction\",\"target\":[\"https:\/\/seminarioteologicobetel.com.br\/?page_id=374\"]}]},{\"@type\":\"BreadcrumbList\",\"@id\":\"https:\/\/seminarioteologicobetel.com.br\/?page_id=374#breadcrumb\",\"itemListElement\":[{\"@type\":\"ListItem\",\"position\":1,\"name\":\"In\u00edcio\",\"item\":\"http:\/\/seminarioteologicobetel.com.br\/\"},{\"@type\":\"ListItem\",\"position\":2,\"name\":\"Teologia Semipresencial\"}]},{\"@type\":\"WebSite\",\"@id\":\"http:\/\/seminarioteologicobetel.com.br\/#website\",\"url\":\"http:\/\/seminarioteologicobetel.com.br\/\",\"name\":\"Semin\u00e1rio Teol\u00f3gico Betel\",\"description\":\"\",\"potentialAction\":[{\"@type\":\"SearchAction\",\"target\":{\"@type\":\"EntryPoint\",\"urlTemplate\":\"http:\/\/seminarioteologicobetel.com.br\/?s={search_term_string}\"},\"query-input\":{\"@type\":\"PropertyValueSpecification\",\"valueRequired\":true,\"valueName\":\"search_term_string\"}}],\"inLanguage\":\"pt-BR\"}]}<\/script>\n<!-- \/ Yoast SEO plugin. -->","yoast_head_json":{"title":"Teologia Semipresencial - Semin\u00e1rio Teol\u00f3gico Betel","robots":{"index":"noindex","follow":"follow","max-snippet":"max-snippet:-1","max-image-preview":"max-image-preview:large","max-video-preview":"max-video-preview:-1"},"og_locale":"pt_BR","og_type":"article","og_title":"Teologia Semipresencial - Semin\u00e1rio Teol\u00f3gico Betel","og_description":"[et_pb_section fb_built=&#8221;1&#8243; admin_label=&#8221;section&#8221; _builder_version=&#8221;3.29.3&#8243; use_background_color_gradient=&#8221;on&#8221; background_color_gradient_start=&#8221;#0a80aa&#8221; background_color_gradient_end=&#8221;#0d5084&#8243; background_color_gradient_direction=&#8221;245deg&#8221; background_color_gradient_start_position=&#8221;59%&#8221; global_module=&#8221;88&#8243; saved_tabs=&#8221;all&#8221; fb_built=&#8221;1&#8243; background_color_gradient_end__hover=&#8221;rgba(0,75,132,0.48)&#8221; use_background_color_gradient__hover=&#8221;on&#8221; _i=&#8221;0&#8243; _address=&#8221;0&#8243;][et_pb_row admin_label=&#8221;row&#8221; _builder_version=&#8221;3.29.3&#8243; background_size=&#8221;initial&#8221; background_position=&#8221;top_left&#8221; background_repeat=&#8221;repeat&#8221; _i=&#8221;0&#8243; _address=&#8221;0.0&#8243;][et_pb_column type=&#8221;4_4&#8243; _builder_version=&#8221;3.25&#8243; custom_padding=&#8221;|||&#8221; _i=&#8221;0&#8243; _address=&#8221;0.0.0&#8243; custom_padding__hover=&#8221;|||&#8221;][et_pb_post_title meta=&#8221;off&#8221; featured_image=&#8221;off&#8221; admin_label=&#8221;T\u00edtulo da Publica\u00e7\u00e3o&#8221; _builder_version=&#8221;3.29.3&#8243; title_font=&#8221;Amethysta||||||||&#8221; title_text_color=&#8221;#ffffff&#8221; title_font_size=&#8221;50px&#8221; _i=&#8221;0&#8243; _address=&#8221;0.0.0.0&#8243;][\/et_pb_post_title][\/et_pb_column][\/et_pb_row][\/et_pb_section][et_pb_section fb_built=&#8221;1&#8243; _builder_version=&#8221;3.23.3&#8243; custom_padding=&#8221;21px|||||&#8221; fb_built=&#8221;1&#8243; _i=&#8221;1&#8243; _address=&#8221;1&#8243;][et_pb_row _builder_version=&#8221;3.25&#8243; custom_padding=&#8221;15px|||||&#8221; _i=&#8221;0&#8243; _address=&#8221;1.0&#8243;][et_pb_column type=&#8221;4_4&#8243; _builder_version=&#8221;3.25&#8243; custom_padding=&#8221;|||&#8221; _i=&#8221;0&#8243; _address=&#8221;1.0.0&#8243; [&hellip;]","og_url":"https:\/\/seminarioteologicobetel.com.br\/?page_id=374","og_site_name":"Semin\u00e1rio Teol\u00f3gico Betel","article_modified_time":"2025-03-27T18:36:03+00:00","twitter_card":"summary_large_image","twitter_misc":{"Est. tempo de leitura":"5 minutos"},"schema":{"@context":"https:\/\/schema.org","@graph":[{"@type":"WebPage","@id":"https:\/\/seminarioteologicobetel.com.br\/?page_id=374","url":"https:\/\/seminarioteologicobetel.com.br\/?page_id=374","name":"Teologia Semipresencial - Semin\u00e1rio Teol\u00f3gico Betel","isPartOf":{"@id":"http:\/\/seminarioteologicobetel.com.br\/#website"},"datePublished":"2019-10-11T06:11:58+00:00","dateModified":"2025-03-27T18:36:03+00:00","breadcrumb":{"@id":"https:\/\/seminarioteologicobetel.com.br\/?page_id=374#breadcrumb"},"inLanguage":"pt-BR","potentialAction":[{"@type":"ReadAction","target":["https:\/\/seminarioteologicobetel.com.br\/?page_id=374"]}]},{"@type":"BreadcrumbList","@id":"https:\/\/seminarioteologicobetel.com.br\/?page_id=374#breadcrumb","itemListElement":[{"@type":"ListItem","position":1,"name":"In\u00edcio","item":"http:\/\/seminarioteologicobetel.com.br\/"},{"@type":"ListItem","position":2,"name":"Teologia Semipresencial"}]},{"@type":"WebSite","@id":"http:\/\/seminarioteologicobetel.com.br\/#website","url":"http:\/\/seminarioteologicobetel.com.br\/","name":"Semin\u00e1rio Teol\u00f3gico Betel","description":"","potentialAction":[{"@type":"SearchAction","target":{"@type":"EntryPoint","urlTemplate":"http:\/\/seminarioteologicobetel.com.br\/?s={search_term_string}"},"query-input":{"@type":"PropertyValueSpecification","valueRequired":true,"valueName":"search_term_string"}}],"inLanguage":"pt-BR"}]}},"_links":{"self":[{"href":"https:\/\/seminarioteologicobetel.com.br\/index.php?rest_route=\/wp\/v2\/pages\/374","targetHints":{"allow":["GET"]}}],"collection":[{"href":"https:\/\/seminarioteologicobetel.com.br\/index.php?rest_route=\/wp\/v2\/pages"}],"about":[{"href":"https:\/\/seminarioteologicobetel.com.br\/index.php?rest_route=\/wp\/v2\/types\/page"}],"author":[{"embeddable":true,"href":"https:\/\/seminarioteologicobetel.com.br\/index.php?rest_route=\/wp\/v2\/users\/1"}],"replies":[{"embeddable":true,"href":"https:\/\/seminarioteologicobetel.com.br\/index.php?rest_route=%2Fwp%2Fv2%2Fcomments&post=374"}],"version-history":[{"count":23,"href":"https:\/\/seminarioteologicobetel.com.br\/index.php?rest_route=\/wp\/v2\/pages\/374\/revisions"}],"predecessor-version":[{"id":638,"href":"https:\/\/seminarioteologicobetel.com.br\/index.php?rest_route=\/wp\/v2\/pages\/374\/revisions\/638"}],"wp:attachment":[{"href":"https:\/\/seminarioteologicobetel.com.br\/index.php?rest_route=%2Fwp%2Fv2%2Fmedia&parent=374"}],"curies":[{"name":"wp","href":"https:\/\/api.w.org\/{rel}","templated":true}]}}