{"id":34,"date":"2019-03-28T02:57:55","date_gmt":"2019-03-28T05:57:55","guid":{"rendered":"https:\/\/seminarioteologicobetel.com.br\/?page_id=34"},"modified":"2019-10-11T03:47:15","modified_gmt":"2019-10-11T06:47:15","slug":"perguntas-frequentes","status":"publish","type":"page","link":"https:\/\/seminarioteologicobetel.com.br\/?page_id=34","title":{"rendered":"Perguntas Frequentes"},"content":{"rendered":"<p>[et_pb_section fb_built=&#8221;1&#8243; admin_label=&#8221;section&#8221; _builder_version=&#8221;3.23.3&#8243; use_background_color_gradient=&#8221;on&#8221; background_color_gradient_start=&#8221;#0a80aa&#8221; background_color_gradient_end=&#8221;#0d5084&#8243; background_color_gradient_direction=&#8221;245deg&#8221; background_color_gradient_start_position=&#8221;59%&#8221; global_module=&#8221;88&#8243; saved_tabs=&#8221;all&#8221; fb_built=&#8221;1&#8243; background_color_gradient_end__hover=&#8221;rgba(0,75,132,0.48)&#8221; use_background_color_gradient__hover=&#8221;on&#8221; _i=&#8221;0&#8243; _address=&#8221;0&#8243;][et_pb_row admin_label=&#8221;row&#8221; _builder_version=&#8221;3.25&#8243; background_size=&#8221;initial&#8221; background_position=&#8221;top_left&#8221; background_repeat=&#8221;repeat&#8221; _i=&#8221;0&#8243; _address=&#8221;0.0&#8243;][et_pb_column type=&#8221;4_4&#8243; _builder_version=&#8221;3.25&#8243; custom_padding=&#8221;|||&#8221; _i=&#8221;0&#8243; _address=&#8221;0.0.0&#8243; custom_padding__hover=&#8221;|||&#8221;][et_pb_post_title meta=&#8221;off&#8221; featured_image=&#8221;off&#8221; _builder_version=&#8221;3.23.3&#8243; title_font=&#8221;Amethysta||||||||&#8221; title_text_color=&#8221;#ffffff&#8221; title_font_size=&#8221;50px&#8221; _i=&#8221;0&#8243; _address=&#8221;0.0.0.0&#8243;][\/et_pb_post_title][\/et_pb_column][\/et_pb_row][\/et_pb_section][et_pb_section fb_built=&#8221;1&#8243; _builder_version=&#8221;3.23.3&#8243; custom_padding=&#8221;21px|||||&#8221; fb_built=&#8221;1&#8243; _i=&#8221;1&#8243; _address=&#8221;1&#8243;][et_pb_row _builder_version=&#8221;3.25&#8243; custom_padding=&#8221;||6px|||&#8221; _i=&#8221;0&#8243; _address=&#8221;1.0&#8243;][et_pb_column type=&#8221;4_4&#8243; _builder_version=&#8221;3.25&#8243; custom_padding=&#8221;|||&#8221; _i=&#8221;0&#8243; _address=&#8221;1.0.0&#8243; custom_padding__hover=&#8221;|||&#8221;][et_pb_accordion open_toggle_background_color=&#8221;#ffffff&#8221; closed_toggle_background_color=&#8221;#ededed&#8221; icon_color=&#8221;#0c71c3&#8243; _builder_version=&#8221;3.23.3&#8243; toggle_font=&#8221;|700|||||||&#8221; _i=&#8221;0&#8243; _address=&#8221;1.0.0.0&#8243;][et_pb_accordion_item title=&#8221;Qual \u00e9 a condi\u00e7\u00e3o necess\u00e1ria para ingressar no Semin\u00e1rio Teol\u00f3gico Betel?&#8221; _builder_version=&#8221;3.23.3&#8243; _i=&#8221;0&#8243; _address=&#8221;1.0.0.0.0&#8243; open=&#8221;off&#8221;]<\/p>\n<p>R: Ter conclu\u00eddo o ensino m\u00e9dio ou educa\u00e7\u00e3o de jovens e adultos (EJA) ou ensino superior, e apresentar uma carta de recomenda\u00e7\u00e3o da igreja evang\u00e9lica na qual \u00e9 membro.<\/p>\n<p>[\/et_pb_accordion_item][et_pb_accordion_item title=&#8221;Qual \u00e9 o per\u00edodo de realiza\u00e7\u00e3o das matr\u00edculas no Semin\u00e1rio Teol\u00f3gico Betel?&#8221; open=&#8221;off&#8221; _builder_version=&#8221;3.23.3&#8243; _i=&#8221;1&#8243; _address=&#8221;1.0.0.0.1&#8243;]<\/p>\n<p>R: No in\u00edcio de cada semestre o aluno pode se matricular. <span>Existe uma taxa de matr\u00edcula, que \u00e9 o valor da mensalidade referente a janeiro (caso a entrada seja no primeiro semestre) ou julho (para entrada no segundo semestre). Esse valor equivale a mensalidade &#8220;cheia&#8221; (para 14 cr\u00e9ditos ou mais) do ano em vigor. Em 2019, o valor foi de R$515,00.\u00a0<\/span><\/p>\n<p>[\/et_pb_accordion_item][et_pb_accordion_item title=&#8221;Quais s\u00e3o os dias e hor\u00e1rios das aulas no Semin\u00e1rio Teol\u00f3gico Betel?&#8221; _builder_version=&#8221;3.23.3&#8243; _i=&#8221;2&#8243; _address=&#8221;1.0.0.0.2&#8243; open=&#8221;off&#8221;]<\/p>\n<p>\u00a0R: As aulas ocorrem de 2\u00aa a 6\u00aa feira pela manh\u00e3, das 07:30 \u00e0s 11:00, ou \u00e0 noite, das 18:50 \u00e0s 21:50.<\/p>\n<p>[\/et_pb_accordion_item][et_pb_accordion_item title=&#8221;Como \u00e9 o processo de ingresso no Semin\u00e1rio Teol\u00f3gico Betel?&#8221; _builder_version=&#8221;3.23.3&#8243; _i=&#8221;3&#8243; _address=&#8221;1.0.0.0.3&#8243; open=&#8221;off&#8221;]<\/p>\n<p><span>R: O candidato passar\u00e1 por uma entrevista. Se aprovado, o candidato dever\u00e1 apresentar a documenta\u00e7\u00e3o requerida por completo e efetivar a contribui\u00e7\u00e3o concernente ao primeiro m\u00eas do primeiro semestre; ap\u00f3s o qu\u00ea, poder\u00e1 efetivar sua matr\u00edcula.<\/span><\/p>\n<p>[\/et_pb_accordion_item][et_pb_accordion_item title=&#8221; Qual \u00e9 a documenta\u00e7\u00e3o necess\u00e1ria para o ingresso no Semin\u00e1rio Teol\u00f3gico Betel?&#8221; _builder_version=&#8221;3.23.3&#8243; _i=&#8221;4&#8243; _address=&#8221;1.0.0.0.4&#8243; open=&#8221;on&#8221;]<\/p>\n<p>R: Apresenta\u00e7\u00e3o de c\u00f3pia dos seguintes documentos: (a) Carteira de identidade; (b) Certid\u00e3o de nascimento ou casamento; (c) Certificado ou diploma de conclus\u00e3o do ensino m\u00e9dio; (d) Tr\u00eas fotos 3 X 4.\u00a0<span>No ato de matr\u00edcula, \u00e9 preciso entregar os <a href=\"https:\/\/seminarioteologicobetel.com.br\/formularios-para-inscricao\/\">formul\u00e1rios<\/a> do Betel preenchidos.\u00a0<\/span><\/p>\n<p>[\/et_pb_accordion_item][et_pb_accordion_item title=&#8221;Quais s\u00e3o os cursos oferecidos?&#8221; _builder_version=&#8221;3.23.3&#8243; _i=&#8221;5&#8243; _address=&#8221;1.0.0.0.5&#8243; open=&#8221;off&#8221;]R: Os cursos oferecidos s\u00e3o: (a) Minist\u00e9rio Pastoral; (b) Miss\u00f5es; (c) Educa\u00e7\u00e3o crist\u00e3.[\/et_pb_accordion_item][et_pb_accordion_item title=&#8221; A institui\u00e7\u00e3o tem biblioteca?&#8221; _builder_version=&#8221;3.23.3&#8243; _i=&#8221;6&#8243; _address=&#8221;1.0.0.0.6&#8243; open=&#8221;off&#8221;]R: O Semin\u00e1rio Teol\u00f3gico Betel tem uma biblioteca com milhares de obras, al\u00e9m de copiadora, livraria, lanchonete e computadores com acesso \u00e0 internet.[\/et_pb_accordion_item][et_pb_accordion_item title=&#8221; A que denomina\u00e7\u00e3o ou igreja o Semin\u00e1rio Teol\u00f3gico Betel pertence?&#8221; _builder_version=&#8221;3.23.3&#8243; _i=&#8221;7&#8243; _address=&#8221;1.0.0.0.7&#8243; open=&#8221;off&#8221;]R: O Semin\u00e1rio Teol\u00f3gico Betel tem seus fundadores pertencentes \u00e0 denomina\u00e7\u00e3o Batista, por\u00e9m seu corpo docente \u00e9 interdenominacional.[\/et_pb_accordion_item][et_pb_accordion_item title=&#8221;O Semin\u00e1rio Teol\u00f3gico Betel est\u00e1 vinculado ao Minist\u00e9rio da Educa\u00e7\u00e3o?&#8221; _builder_version=&#8221;3.23.3&#8243; _i=&#8221;8&#8243; _address=&#8221;1.0.0.0.8&#8243; open=&#8221;off&#8221;]R: Como institui\u00e7\u00e3o de ensino, o Semin\u00e1rio Teol\u00f3gico Betel zela pelo seu padr\u00e3o de qualidade acad\u00eamica e espiritual. Seus cursos s\u00e3o de car\u00e1ter livre, prezando pela seriedade e profundidade da reflex\u00e3o b\u00edblica e teol\u00f3gica.[\/et_pb_accordion_item][et_pb_accordion_item title=&#8221; Os cursos duram, em m\u00e9dia, quanto tempo?&#8221; _builder_version=&#8221;3.23.3&#8243; _i=&#8221;9&#8243; _address=&#8221;1.0.0.0.9&#8243; open=&#8221;off&#8221;]R: Os cursos do Semin\u00e1rio Teol\u00f3gico Betel duram em m\u00e9dia tr\u00eas anos, podendo ser estendidos, caso o aluno opte por cursar menos cr\u00e9ditos por per\u00edodo, ou podendo ser reduzidos, caso o aluno j\u00e1 tenha ensino superior e opte por cursar alguma disciplina em hor\u00e1rio que n\u00e3o o de seu turno.[\/et_pb_accordion_item][\/et_pb_accordion][\/et_pb_column][\/et_pb_row][\/et_pb_section]<\/p>\n","protected":false},"excerpt":{"rendered":"<p>[et_pb_section fb_built=&#8221;1&#8243; admin_label=&#8221;section&#8221; _builder_version=&#8221;3.23.3&#8243; use_background_color_gradient=&#8221;on&#8221; background_color_gradient_start=&#8221;#0a80aa&#8221; background_color_gradient_end=&#8221;#0d5084&#8243; background_color_gradient_direction=&#8221;245deg&#8221; background_color_gradient_start_position=&#8221;59%&#8221; global_module=&#8221;88&#8243; saved_tabs=&#8221;all&#8221; fb_built=&#8221;1&#8243; background_color_gradient_end__hover=&#8221;rgba(0,75,132,0.48)&#8221; use_background_color_gradient__hover=&#8221;on&#8221; _i=&#8221;0&#8243; _address=&#8221;0&#8243;][et_pb_row admin_label=&#8221;row&#8221; _builder_version=&#8221;3.25&#8243; background_size=&#8221;initial&#8221; background_position=&#8221;top_left&#8221; background_repeat=&#8221;repeat&#8221; _i=&#8221;0&#8243; _address=&#8221;0.0&#8243;][et_pb_column type=&#8221;4_4&#8243; _builder_version=&#8221;3.25&#8243; custom_padding=&#8221;|||&#8221; _i=&#8221;0&#8243; _address=&#8221;0.0.0&#8243; custom_padding__hover=&#8221;|||&#8221;][et_pb_post_title meta=&#8221;off&#8221; featured_image=&#8221;off&#8221; _builder_version=&#8221;3.23.3&#8243; title_font=&#8221;Amethysta||||||||&#8221; title_text_color=&#8221;#ffffff&#8221; title_font_size=&#8221;50px&#8221; _i=&#8221;0&#8243; _address=&#8221;0.0.0.0&#8243;][\/et_pb_post_title][\/et_pb_column][\/et_pb_row][\/et_pb_section][et_pb_section fb_built=&#8221;1&#8243; _builder_version=&#8221;3.23.3&#8243; custom_padding=&#8221;21px|||||&#8221; fb_built=&#8221;1&#8243; _i=&#8221;1&#8243; _address=&#8221;1&#8243;][et_pb_row _builder_version=&#8221;3.25&#8243; custom_padding=&#8221;||6px|||&#8221; _i=&#8221;0&#8243; _address=&#8221;1.0&#8243;][et_pb_column type=&#8221;4_4&#8243; _builder_version=&#8221;3.25&#8243; custom_padding=&#8221;|||&#8221; _i=&#8221;0&#8243; _address=&#8221;1.0.0&#8243; custom_padding__hover=&#8221;|||&#8221;][et_pb_accordion open_toggle_background_color=&#8221;#ffffff&#8221; closed_toggle_background_color=&#8221;#ededed&#8221; [&hellip;]<\/p>\n","protected":false},"author":1,"featured_media":0,"parent":0,"menu_order":0,"comment_status":"closed","ping_status":"closed","template":"","meta":{"_et_pb_use_builder":"on","_et_pb_old_content":"","footnotes":""},"class_list":["post-34","page","type-page","status-publish","hentry"],"yoast_head":"<!-- This site is optimized with the Yoast SEO plugin v26.7 - https:\/\/yoast.com\/wordpress\/plugins\/seo\/ -->\n<title>Perguntas Frequentes - Semin\u00e1rio Teol\u00f3gico Betel<\/title>\n<meta name=\"robots\" content=\"noindex, follow, max-snippet:-1, max-image-preview:large, max-video-preview:-1\" \/>\n<meta property=\"og:locale\" content=\"pt_BR\" \/>\n<meta property=\"og:type\" content=\"article\" \/>\n<meta property=\"og:title\" content=\"Perguntas Frequentes - Semin\u00e1rio Teol\u00f3gico Betel\" \/>\n<meta property=\"og:description\" content=\"[et_pb_section fb_built=&#8221;1&#8243; admin_label=&#8221;section&#8221; _builder_version=&#8221;3.23.3&#8243; use_background_color_gradient=&#8221;on&#8221; background_color_gradient_start=&#8221;#0a80aa&#8221; background_color_gradient_end=&#8221;#0d5084&#8243; background_color_gradient_direction=&#8221;245deg&#8221; background_color_gradient_start_position=&#8221;59%&#8221; global_module=&#8221;88&#8243; saved_tabs=&#8221;all&#8221; fb_built=&#8221;1&#8243; background_color_gradient_end__hover=&#8221;rgba(0,75,132,0.48)&#8221; use_background_color_gradient__hover=&#8221;on&#8221; _i=&#8221;0&#8243; _address=&#8221;0&#8243;][et_pb_row admin_label=&#8221;row&#8221; _builder_version=&#8221;3.25&#8243; background_size=&#8221;initial&#8221; background_position=&#8221;top_left&#8221; background_repeat=&#8221;repeat&#8221; _i=&#8221;0&#8243; _address=&#8221;0.0&#8243;][et_pb_column type=&#8221;4_4&#8243; _builder_version=&#8221;3.25&#8243; custom_padding=&#8221;|||&#8221; _i=&#8221;0&#8243; _address=&#8221;0.0.0&#8243; custom_padding__hover=&#8221;|||&#8221;][et_pb_post_title meta=&#8221;off&#8221; featured_image=&#8221;off&#8221; _builder_version=&#8221;3.23.3&#8243; title_font=&#8221;Amethysta||||||||&#8221; title_text_color=&#8221;#ffffff&#8221; title_font_size=&#8221;50px&#8221; _i=&#8221;0&#8243; _address=&#8221;0.0.0.0&#8243;][\/et_pb_post_title][\/et_pb_column][\/et_pb_row][\/et_pb_section][et_pb_section fb_built=&#8221;1&#8243; _builder_version=&#8221;3.23.3&#8243; custom_padding=&#8221;21px|||||&#8221; fb_built=&#8221;1&#8243; _i=&#8221;1&#8243; _address=&#8221;1&#8243;][et_pb_row _builder_version=&#8221;3.25&#8243; custom_padding=&#8221;||6px|||&#8221; _i=&#8221;0&#8243; _address=&#8221;1.0&#8243;][et_pb_column type=&#8221;4_4&#8243; _builder_version=&#8221;3.25&#8243; custom_padding=&#8221;|||&#8221; _i=&#8221;0&#8243; _address=&#8221;1.0.0&#8243; custom_padding__hover=&#8221;|||&#8221;][et_pb_accordion open_toggle_background_color=&#8221;#ffffff&#8221; closed_toggle_background_color=&#8221;#ededed&#8221; [&hellip;]\" \/>\n<meta property=\"og:url\" content=\"https:\/\/seminarioteologicobetel.com.br\/?page_id=34\" \/>\n<meta property=\"og:site_name\" content=\"Semin\u00e1rio Teol\u00f3gico Betel\" \/>\n<meta property=\"article:modified_time\" content=\"2019-10-11T06:47:15+00:00\" \/>\n<meta name=\"twitter:card\" content=\"summary_large_image\" \/>\n<meta name=\"twitter:label1\" content=\"Est. tempo de leitura\" \/>\n\t<meta name=\"twitter:data1\" content=\"4 minutos\" \/>\n<script type=\"application\/ld+json\" class=\"yoast-schema-graph\">{\"@context\":\"https:\/\/schema.org\",\"@graph\":[{\"@type\":\"WebPage\",\"@id\":\"https:\/\/seminarioteologicobetel.com.br\/?page_id=34\",\"url\":\"https:\/\/seminarioteologicobetel.com.br\/?page_id=34\",\"name\":\"Perguntas Frequentes - Semin\u00e1rio Teol\u00f3gico Betel\",\"isPartOf\":{\"@id\":\"http:\/\/seminarioteologicobetel.com.br\/#website\"},\"datePublished\":\"2019-03-28T05:57:55+00:00\",\"dateModified\":\"2019-10-11T06:47:15+00:00\",\"breadcrumb\":{\"@id\":\"https:\/\/seminarioteologicobetel.com.br\/?page_id=34#breadcrumb\"},\"inLanguage\":\"pt-BR\",\"potentialAction\":[{\"@type\":\"ReadAction\",\"target\":[\"https:\/\/seminarioteologicobetel.com.br\/?page_id=34\"]}]},{\"@type\":\"BreadcrumbList\",\"@id\":\"https:\/\/seminarioteologicobetel.com.br\/?page_id=34#breadcrumb\",\"itemListElement\":[{\"@type\":\"ListItem\",\"position\":1,\"name\":\"In\u00edcio\",\"item\":\"http:\/\/seminarioteologicobetel.com.br\/\"},{\"@type\":\"ListItem\",\"position\":2,\"name\":\"Perguntas Frequentes\"}]},{\"@type\":\"WebSite\",\"@id\":\"http:\/\/seminarioteologicobetel.com.br\/#website\",\"url\":\"http:\/\/seminarioteologicobetel.com.br\/\",\"name\":\"Semin\u00e1rio Teol\u00f3gico Betel\",\"description\":\"\",\"potentialAction\":[{\"@type\":\"SearchAction\",\"target\":{\"@type\":\"EntryPoint\",\"urlTemplate\":\"http:\/\/seminarioteologicobetel.com.br\/?s={search_term_string}\"},\"query-input\":{\"@type\":\"PropertyValueSpecification\",\"valueRequired\":true,\"valueName\":\"search_term_string\"}}],\"inLanguage\":\"pt-BR\"}]}<\/script>\n<!-- \/ Yoast SEO plugin. -->","yoast_head_json":{"title":"Perguntas Frequentes - Semin\u00e1rio Teol\u00f3gico Betel","robots":{"index":"noindex","follow":"follow","max-snippet":"max-snippet:-1","max-image-preview":"max-image-preview:large","max-video-preview":"max-video-preview:-1"},"og_locale":"pt_BR","og_type":"article","og_title":"Perguntas Frequentes - Semin\u00e1rio Teol\u00f3gico Betel","og_description":"[et_pb_section fb_built=&#8221;1&#8243; admin_label=&#8221;section&#8221; _builder_version=&#8221;3.23.3&#8243; use_background_color_gradient=&#8221;on&#8221; background_color_gradient_start=&#8221;#0a80aa&#8221; background_color_gradient_end=&#8221;#0d5084&#8243; background_color_gradient_direction=&#8221;245deg&#8221; background_color_gradient_start_position=&#8221;59%&#8221; global_module=&#8221;88&#8243; saved_tabs=&#8221;all&#8221; fb_built=&#8221;1&#8243; background_color_gradient_end__hover=&#8221;rgba(0,75,132,0.48)&#8221; use_background_color_gradient__hover=&#8221;on&#8221; _i=&#8221;0&#8243; _address=&#8221;0&#8243;][et_pb_row admin_label=&#8221;row&#8221; _builder_version=&#8221;3.25&#8243; background_size=&#8221;initial&#8221; background_position=&#8221;top_left&#8221; background_repeat=&#8221;repeat&#8221; _i=&#8221;0&#8243; _address=&#8221;0.0&#8243;][et_pb_column type=&#8221;4_4&#8243; _builder_version=&#8221;3.25&#8243; custom_padding=&#8221;|||&#8221; _i=&#8221;0&#8243; _address=&#8221;0.0.0&#8243; custom_padding__hover=&#8221;|||&#8221;][et_pb_post_title meta=&#8221;off&#8221; featured_image=&#8221;off&#8221; _builder_version=&#8221;3.23.3&#8243; title_font=&#8221;Amethysta||||||||&#8221; title_text_color=&#8221;#ffffff&#8221; title_font_size=&#8221;50px&#8221; _i=&#8221;0&#8243; _address=&#8221;0.0.0.0&#8243;][\/et_pb_post_title][\/et_pb_column][\/et_pb_row][\/et_pb_section][et_pb_section fb_built=&#8221;1&#8243; _builder_version=&#8221;3.23.3&#8243; custom_padding=&#8221;21px|||||&#8221; fb_built=&#8221;1&#8243; _i=&#8221;1&#8243; _address=&#8221;1&#8243;][et_pb_row _builder_version=&#8221;3.25&#8243; custom_padding=&#8221;||6px|||&#8221; _i=&#8221;0&#8243; _address=&#8221;1.0&#8243;][et_pb_column type=&#8221;4_4&#8243; _builder_version=&#8221;3.25&#8243; custom_padding=&#8221;|||&#8221; _i=&#8221;0&#8243; _address=&#8221;1.0.0&#8243; custom_padding__hover=&#8221;|||&#8221;][et_pb_accordion open_toggle_background_color=&#8221;#ffffff&#8221; closed_toggle_background_color=&#8221;#ededed&#8221; [&hellip;]","og_url":"https:\/\/seminarioteologicobetel.com.br\/?page_id=34","og_site_name":"Semin\u00e1rio Teol\u00f3gico Betel","article_modified_time":"2019-10-11T06:47:15+00:00","twitter_card":"summary_large_image","twitter_misc":{"Est. tempo de leitura":"4 minutos"},"schema":{"@context":"https:\/\/schema.org","@graph":[{"@type":"WebPage","@id":"https:\/\/seminarioteologicobetel.com.br\/?page_id=34","url":"https:\/\/seminarioteologicobetel.com.br\/?page_id=34","name":"Perguntas Frequentes - Semin\u00e1rio Teol\u00f3gico Betel","isPartOf":{"@id":"http:\/\/seminarioteologicobetel.com.br\/#website"},"datePublished":"2019-03-28T05:57:55+00:00","dateModified":"2019-10-11T06:47:15+00:00","breadcrumb":{"@id":"https:\/\/seminarioteologicobetel.com.br\/?page_id=34#breadcrumb"},"inLanguage":"pt-BR","potentialAction":[{"@type":"ReadAction","target":["https:\/\/seminarioteologicobetel.com.br\/?page_id=34"]}]},{"@type":"BreadcrumbList","@id":"https:\/\/seminarioteologicobetel.com.br\/?page_id=34#breadcrumb","itemListElement":[{"@type":"ListItem","position":1,"name":"In\u00edcio","item":"http:\/\/seminarioteologicobetel.com.br\/"},{"@type":"ListItem","position":2,"name":"Perguntas Frequentes"}]},{"@type":"WebSite","@id":"http:\/\/seminarioteologicobetel.com.br\/#website","url":"http:\/\/seminarioteologicobetel.com.br\/","name":"Semin\u00e1rio Teol\u00f3gico Betel","description":"","potentialAction":[{"@type":"SearchAction","target":{"@type":"EntryPoint","urlTemplate":"http:\/\/seminarioteologicobetel.com.br\/?s={search_term_string}"},"query-input":{"@type":"PropertyValueSpecification","valueRequired":true,"valueName":"search_term_string"}}],"inLanguage":"pt-BR"}]}},"_links":{"self":[{"href":"https:\/\/seminarioteologicobetel.com.br\/index.php?rest_route=\/wp\/v2\/pages\/34","targetHints":{"allow":["GET"]}}],"collection":[{"href":"https:\/\/seminarioteologicobetel.com.br\/index.php?rest_route=\/wp\/v2\/pages"}],"about":[{"href":"https:\/\/seminarioteologicobetel.com.br\/index.php?rest_route=\/wp\/v2\/types\/page"}],"author":[{"embeddable":true,"href":"https:\/\/seminarioteologicobetel.com.br\/index.php?rest_route=\/wp\/v2\/users\/1"}],"replies":[{"embeddable":true,"href":"https:\/\/seminarioteologicobetel.com.br\/index.php?rest_route=%2Fwp%2Fv2%2Fcomments&post=34"}],"version-history":[{"count":7,"href":"https:\/\/seminarioteologicobetel.com.br\/index.php?rest_route=\/wp\/v2\/pages\/34\/revisions"}],"predecessor-version":[{"id":386,"href":"https:\/\/seminarioteologicobetel.com.br\/index.php?rest_route=\/wp\/v2\/pages\/34\/revisions\/386"}],"wp:attachment":[{"href":"https:\/\/seminarioteologicobetel.com.br\/index.php?rest_route=%2Fwp%2Fv2%2Fmedia&parent=34"}],"curies":[{"name":"wp","href":"https:\/\/api.w.org\/{rel}","templated":true}]}}