{"id":332,"date":"2019-09-27T13:27:39","date_gmt":"2019-09-27T16:27:39","guid":{"rendered":"https:\/\/seminarioteologicobetel.com.br\/?page_id=332"},"modified":"2019-10-04T02:22:40","modified_gmt":"2019-10-04T05:22:40","slug":"formularios-para-inscricao","status":"publish","type":"page","link":"https:\/\/seminarioteologicobetel.com.br\/?page_id=332","title":{"rendered":"Formul\u00e1rios para inscri\u00e7\u00e3o"},"content":{"rendered":"<p>[et_pb_section fb_built=&#8221;1&#8243; admin_label=&#8221;section&#8221; _builder_version=&#8221;3.23.3&#8243; use_background_color_gradient=&#8221;on&#8221; background_color_gradient_start=&#8221;#0a80aa&#8221; background_color_gradient_end=&#8221;#0d5084&#8243; background_color_gradient_direction=&#8221;245deg&#8221; background_color_gradient_start_position=&#8221;59%&#8221; global_module=&#8221;88&#8243; saved_tabs=&#8221;all&#8221; fb_built=&#8221;1&#8243; background_color_gradient_end__hover=&#8221;rgba(0,75,132,0.48)&#8221; use_background_color_gradient__hover=&#8221;on&#8221; _i=&#8221;0&#8243; _address=&#8221;0&#8243;][et_pb_row admin_label=&#8221;row&#8221; _builder_version=&#8221;3.25&#8243; background_size=&#8221;initial&#8221; background_position=&#8221;top_left&#8221; background_repeat=&#8221;repeat&#8221; _i=&#8221;0&#8243; _address=&#8221;0.0&#8243;][et_pb_column type=&#8221;4_4&#8243; _builder_version=&#8221;3.25&#8243; custom_padding=&#8221;|||&#8221; _i=&#8221;0&#8243; _address=&#8221;0.0.0&#8243; custom_padding__hover=&#8221;|||&#8221;][et_pb_post_title meta=&#8221;off&#8221; featured_image=&#8221;off&#8221; _builder_version=&#8221;3.23.3&#8243; title_font=&#8221;Amethysta||||||||&#8221; title_text_color=&#8221;#ffffff&#8221; title_font_size=&#8221;50px&#8221; _i=&#8221;0&#8243; _address=&#8221;0.0.0.0&#8243;][\/et_pb_post_title][\/et_pb_column][\/et_pb_row][\/et_pb_section][et_pb_section fb_built=&#8221;1&#8243; _builder_version=&#8221;3.23.3&#8243; custom_padding=&#8221;21px|||||&#8221; fb_built=&#8221;1&#8243; _i=&#8221;1&#8243; _address=&#8221;1&#8243;][et_pb_row _builder_version=&#8221;3.29.3&#8243;][et_pb_column _builder_version=&#8221;3.29.3&#8243; type=&#8221;4_4&#8243;][et_pb_text _builder_version=&#8221;3.29.3&#8243; hover_enabled=&#8221;0&#8243;]<\/p>\n<p style=\"text-align: center;\">Formul\u00e1rios com a documenta\u00e7\u00e3o necess\u00e1ria para a matr\u00edcula<\/p>\n<p>[\/et_pb_text][\/et_pb_column][\/et_pb_row][et_pb_row _builder_version=&#8221;3.25&#8243; custom_padding=&#8221;15px|||||&#8221; _i=&#8221;0&#8243; _address=&#8221;1.0&#8243; column_structure=&#8221;1_4,1_4,1_4,1_4&#8243;][et_pb_column type=&#8221;1_4&#8243; _builder_version=&#8221;3.25&#8243; custom_padding=&#8221;|||&#8221; _i=&#8221;0&#8243; _address=&#8221;1.0.0&#8243; custom_padding__hover=&#8221;|||&#8221;][et_pb_blurb title=&#8221;Declara\u00e7\u00e3o da igreja&#8221; _builder_version=&#8221;3.29.3&#8243; use_icon=&#8221;on&#8221; font_icon=&#8221;%%72%%&#8221; icon_color=&#8221;#0c71c3&#8243; url=&#8221;http:\/\/seminarioteologicobetel.com.br\/wp-content\/uploads\/2019\/10\/Declara\u00e7\u00e3o-da-Igreja.pdf&#8221; url_new_window=&#8221;on&#8221; text_orientation=&#8221;center&#8221; header_text_align=&#8221;center&#8221; header_font=&#8221;|800||on|||||&#8221; header_text_color=&#8221;#0c71c3&#8243; hover_enabled=&#8221;0&#8243;][\/et_pb_blurb][\/et_pb_column][et_pb_column type=&#8221;1_4&#8243; _builder_version=&#8221;3.25&#8243; custom_padding=&#8221;|||&#8221; _i=&#8221;0&#8243; _address=&#8221;1.0.0&#8243; custom_padding__hover=&#8221;|||&#8221;][et_pb_blurb title=&#8221;Ficha de Auto-Avalia\u00e7\u00e3o&#8221; _builder_version=&#8221;3.29.3&#8243; use_icon=&#8221;on&#8221; font_icon=&#8221;%%72%%&#8221; icon_color=&#8221;#0c71c3&#8243; url=&#8221;http:\/\/seminarioteologicobetel.com.br\/wp-content\/uploads\/2019\/10\/Ficha-Auto-Avalia\u00e7\u00e3o.pdf&#8221; url_new_window=&#8221;on&#8221; text_orientation=&#8221;center&#8221; header_text_align=&#8221;center&#8221; header_font=&#8221;|800||on|||||&#8221; header_text_color=&#8221;#0c71c3&#8243; hover_enabled=&#8221;0&#8243;][\/et_pb_blurb][\/et_pb_column][et_pb_column type=&#8221;1_4&#8243; _builder_version=&#8221;3.25&#8243; custom_padding=&#8221;|||&#8221; _i=&#8221;0&#8243; _address=&#8221;1.0.0&#8243; custom_padding__hover=&#8221;|||&#8221;][et_pb_blurb title=&#8221;Ficha de Requerimento de Matricula&#8221; _builder_version=&#8221;3.29.3&#8243; use_icon=&#8221;on&#8221; font_icon=&#8221;%%72%%&#8221; icon_color=&#8221;#0c71c3&#8243; url=&#8221;http:\/\/seminarioteologicobetel.com.br\/wp-content\/uploads\/2019\/10\/Ficha-Requerimento-de-Matricula.pdf&#8221; url_new_window=&#8221;on&#8221; text_orientation=&#8221;center&#8221; header_text_align=&#8221;center&#8221; header_font=&#8221;|800||on|||||&#8221; header_text_color=&#8221;#0c71c3&#8243; hover_enabled=&#8221;0&#8243;][\/et_pb_blurb][\/et_pb_column][et_pb_column type=&#8221;1_4&#8243; _builder_version=&#8221;3.25&#8243; custom_padding=&#8221;|||&#8221; _i=&#8221;0&#8243; _address=&#8221;1.0.0&#8243; custom_padding__hover=&#8221;|||&#8221;][et_pb_blurb title=&#8221;Formul\u00e1rio de Dados Pessoais&#8221; _builder_version=&#8221;3.29.3&#8243; use_icon=&#8221;on&#8221; font_icon=&#8221;%%72%%&#8221; icon_color=&#8221;#0c71c3&#8243; url=&#8221;http:\/\/seminarioteologicobetel.com.br\/wp-content\/uploads\/2019\/10\/Formul\u00e1rio-Dados-Pessoais.pdf&#8221; url_new_window=&#8221;on&#8221; text_orientation=&#8221;center&#8221; header_text_align=&#8221;center&#8221; header_font=&#8221;|800||on|||||&#8221; header_text_color=&#8221;#0c71c3&#8243; hover_enabled=&#8221;0&#8243;][\/et_pb_blurb][\/et_pb_column][\/et_pb_row][\/et_pb_section]<\/p>\n","protected":false},"excerpt":{"rendered":"<p>[et_pb_section fb_built=&#8221;1&#8243; admin_label=&#8221;section&#8221; _builder_version=&#8221;3.23.3&#8243; use_background_color_gradient=&#8221;on&#8221; background_color_gradient_start=&#8221;#0a80aa&#8221; background_color_gradient_end=&#8221;#0d5084&#8243; background_color_gradient_direction=&#8221;245deg&#8221; background_color_gradient_start_position=&#8221;59%&#8221; global_module=&#8221;88&#8243; saved_tabs=&#8221;all&#8221; fb_built=&#8221;1&#8243; background_color_gradient_end__hover=&#8221;rgba(0,75,132,0.48)&#8221; use_background_color_gradient__hover=&#8221;on&#8221; _i=&#8221;0&#8243; _address=&#8221;0&#8243;][et_pb_row admin_label=&#8221;row&#8221; _builder_version=&#8221;3.25&#8243; background_size=&#8221;initial&#8221; background_position=&#8221;top_left&#8221; background_repeat=&#8221;repeat&#8221; _i=&#8221;0&#8243; _address=&#8221;0.0&#8243;][et_pb_column type=&#8221;4_4&#8243; _builder_version=&#8221;3.25&#8243; custom_padding=&#8221;|||&#8221; _i=&#8221;0&#8243; _address=&#8221;0.0.0&#8243; custom_padding__hover=&#8221;|||&#8221;][et_pb_post_title meta=&#8221;off&#8221; featured_image=&#8221;off&#8221; _builder_version=&#8221;3.23.3&#8243; title_font=&#8221;Amethysta||||||||&#8221; title_text_color=&#8221;#ffffff&#8221; title_font_size=&#8221;50px&#8221; _i=&#8221;0&#8243; _address=&#8221;0.0.0.0&#8243;][\/et_pb_post_title][\/et_pb_column][\/et_pb_row][\/et_pb_section][et_pb_section fb_built=&#8221;1&#8243; _builder_version=&#8221;3.23.3&#8243; custom_padding=&#8221;21px|||||&#8221; fb_built=&#8221;1&#8243; _i=&#8221;1&#8243; _address=&#8221;1&#8243;][et_pb_row _builder_version=&#8221;3.29.3&#8243;][et_pb_column _builder_version=&#8221;3.29.3&#8243; type=&#8221;4_4&#8243;][et_pb_text _builder_version=&#8221;3.29.3&#8243; hover_enabled=&#8221;0&#8243;] Formul\u00e1rios com a documenta\u00e7\u00e3o necess\u00e1ria para a [&hellip;]<\/p>\n","protected":false},"author":1,"featured_media":0,"parent":0,"menu_order":0,"comment_status":"closed","ping_status":"closed","template":"","meta":{"_et_pb_use_builder":"on","_et_pb_old_content":"","footnotes":""},"class_list":["post-332","page","type-page","status-publish","hentry"],"yoast_head":"<!-- This site is optimized with the Yoast SEO plugin v26.7 - https:\/\/yoast.com\/wordpress\/plugins\/seo\/ -->\n<title>Formul\u00e1rios para inscri\u00e7\u00e3o - Semin\u00e1rio Teol\u00f3gico Betel<\/title>\n<meta name=\"robots\" content=\"noindex, follow, max-snippet:-1, max-image-preview:large, max-video-preview:-1\" \/>\n<meta property=\"og:locale\" content=\"pt_BR\" \/>\n<meta property=\"og:type\" content=\"article\" \/>\n<meta property=\"og:title\" content=\"Formul\u00e1rios para inscri\u00e7\u00e3o - Semin\u00e1rio Teol\u00f3gico Betel\" \/>\n<meta property=\"og:description\" content=\"[et_pb_section fb_built=&#8221;1&#8243; admin_label=&#8221;section&#8221; _builder_version=&#8221;3.23.3&#8243; use_background_color_gradient=&#8221;on&#8221; background_color_gradient_start=&#8221;#0a80aa&#8221; background_color_gradient_end=&#8221;#0d5084&#8243; background_color_gradient_direction=&#8221;245deg&#8221; background_color_gradient_start_position=&#8221;59%&#8221; global_module=&#8221;88&#8243; saved_tabs=&#8221;all&#8221; fb_built=&#8221;1&#8243; background_color_gradient_end__hover=&#8221;rgba(0,75,132,0.48)&#8221; use_background_color_gradient__hover=&#8221;on&#8221; _i=&#8221;0&#8243; _address=&#8221;0&#8243;][et_pb_row admin_label=&#8221;row&#8221; _builder_version=&#8221;3.25&#8243; background_size=&#8221;initial&#8221; background_position=&#8221;top_left&#8221; background_repeat=&#8221;repeat&#8221; _i=&#8221;0&#8243; _address=&#8221;0.0&#8243;][et_pb_column type=&#8221;4_4&#8243; _builder_version=&#8221;3.25&#8243; custom_padding=&#8221;|||&#8221; _i=&#8221;0&#8243; _address=&#8221;0.0.0&#8243; custom_padding__hover=&#8221;|||&#8221;][et_pb_post_title meta=&#8221;off&#8221; featured_image=&#8221;off&#8221; _builder_version=&#8221;3.23.3&#8243; title_font=&#8221;Amethysta||||||||&#8221; title_text_color=&#8221;#ffffff&#8221; title_font_size=&#8221;50px&#8221; _i=&#8221;0&#8243; _address=&#8221;0.0.0.0&#8243;][\/et_pb_post_title][\/et_pb_column][\/et_pb_row][\/et_pb_section][et_pb_section fb_built=&#8221;1&#8243; _builder_version=&#8221;3.23.3&#8243; custom_padding=&#8221;21px|||||&#8221; fb_built=&#8221;1&#8243; _i=&#8221;1&#8243; _address=&#8221;1&#8243;][et_pb_row _builder_version=&#8221;3.29.3&#8243;][et_pb_column _builder_version=&#8221;3.29.3&#8243; type=&#8221;4_4&#8243;][et_pb_text _builder_version=&#8221;3.29.3&#8243; hover_enabled=&#8221;0&#8243;] Formul\u00e1rios com a documenta\u00e7\u00e3o necess\u00e1ria para a [&hellip;]\" \/>\n<meta property=\"og:url\" content=\"http:\/\/seminarioteologicobetel.com.br\/?page_id=332\" \/>\n<meta property=\"og:site_name\" content=\"Semin\u00e1rio Teol\u00f3gico Betel\" \/>\n<meta property=\"article:modified_time\" content=\"2019-10-04T05:22:40+00:00\" \/>\n<meta name=\"twitter:card\" content=\"summary_large_image\" \/>\n<meta name=\"twitter:label1\" content=\"Est. tempo de leitura\" \/>\n\t<meta name=\"twitter:data1\" content=\"2 minutos\" \/>\n<script type=\"application\/ld+json\" class=\"yoast-schema-graph\">{\"@context\":\"https:\/\/schema.org\",\"@graph\":[{\"@type\":\"WebPage\",\"@id\":\"http:\/\/seminarioteologicobetel.com.br\/?page_id=332\",\"url\":\"http:\/\/seminarioteologicobetel.com.br\/?page_id=332\",\"name\":\"Formul\u00e1rios para inscri\u00e7\u00e3o - Semin\u00e1rio Teol\u00f3gico Betel\",\"isPartOf\":{\"@id\":\"http:\/\/seminarioteologicobetel.com.br\/#website\"},\"datePublished\":\"2019-09-27T16:27:39+00:00\",\"dateModified\":\"2019-10-04T05:22:40+00:00\",\"breadcrumb\":{\"@id\":\"http:\/\/seminarioteologicobetel.com.br\/?page_id=332#breadcrumb\"},\"inLanguage\":\"pt-BR\",\"potentialAction\":[{\"@type\":\"ReadAction\",\"target\":[\"http:\/\/seminarioteologicobetel.com.br\/?page_id=332\"]}]},{\"@type\":\"BreadcrumbList\",\"@id\":\"http:\/\/seminarioteologicobetel.com.br\/?page_id=332#breadcrumb\",\"itemListElement\":[{\"@type\":\"ListItem\",\"position\":1,\"name\":\"In\u00edcio\",\"item\":\"http:\/\/seminarioteologicobetel.com.br\/\"},{\"@type\":\"ListItem\",\"position\":2,\"name\":\"Formul\u00e1rios para inscri\u00e7\u00e3o\"}]},{\"@type\":\"WebSite\",\"@id\":\"http:\/\/seminarioteologicobetel.com.br\/#website\",\"url\":\"http:\/\/seminarioteologicobetel.com.br\/\",\"name\":\"Semin\u00e1rio Teol\u00f3gico Betel\",\"description\":\"\",\"potentialAction\":[{\"@type\":\"SearchAction\",\"target\":{\"@type\":\"EntryPoint\",\"urlTemplate\":\"http:\/\/seminarioteologicobetel.com.br\/?s={search_term_string}\"},\"query-input\":{\"@type\":\"PropertyValueSpecification\",\"valueRequired\":true,\"valueName\":\"search_term_string\"}}],\"inLanguage\":\"pt-BR\"}]}<\/script>\n<!-- \/ Yoast SEO plugin. -->","yoast_head_json":{"title":"Formul\u00e1rios para inscri\u00e7\u00e3o - Semin\u00e1rio Teol\u00f3gico Betel","robots":{"index":"noindex","follow":"follow","max-snippet":"max-snippet:-1","max-image-preview":"max-image-preview:large","max-video-preview":"max-video-preview:-1"},"og_locale":"pt_BR","og_type":"article","og_title":"Formul\u00e1rios para inscri\u00e7\u00e3o - Semin\u00e1rio Teol\u00f3gico Betel","og_description":"[et_pb_section fb_built=&#8221;1&#8243; admin_label=&#8221;section&#8221; _builder_version=&#8221;3.23.3&#8243; use_background_color_gradient=&#8221;on&#8221; background_color_gradient_start=&#8221;#0a80aa&#8221; background_color_gradient_end=&#8221;#0d5084&#8243; background_color_gradient_direction=&#8221;245deg&#8221; background_color_gradient_start_position=&#8221;59%&#8221; global_module=&#8221;88&#8243; saved_tabs=&#8221;all&#8221; fb_built=&#8221;1&#8243; background_color_gradient_end__hover=&#8221;rgba(0,75,132,0.48)&#8221; use_background_color_gradient__hover=&#8221;on&#8221; _i=&#8221;0&#8243; _address=&#8221;0&#8243;][et_pb_row admin_label=&#8221;row&#8221; _builder_version=&#8221;3.25&#8243; background_size=&#8221;initial&#8221; background_position=&#8221;top_left&#8221; background_repeat=&#8221;repeat&#8221; _i=&#8221;0&#8243; _address=&#8221;0.0&#8243;][et_pb_column type=&#8221;4_4&#8243; _builder_version=&#8221;3.25&#8243; custom_padding=&#8221;|||&#8221; _i=&#8221;0&#8243; _address=&#8221;0.0.0&#8243; custom_padding__hover=&#8221;|||&#8221;][et_pb_post_title meta=&#8221;off&#8221; featured_image=&#8221;off&#8221; _builder_version=&#8221;3.23.3&#8243; title_font=&#8221;Amethysta||||||||&#8221; title_text_color=&#8221;#ffffff&#8221; title_font_size=&#8221;50px&#8221; _i=&#8221;0&#8243; _address=&#8221;0.0.0.0&#8243;][\/et_pb_post_title][\/et_pb_column][\/et_pb_row][\/et_pb_section][et_pb_section fb_built=&#8221;1&#8243; _builder_version=&#8221;3.23.3&#8243; custom_padding=&#8221;21px|||||&#8221; fb_built=&#8221;1&#8243; _i=&#8221;1&#8243; _address=&#8221;1&#8243;][et_pb_row _builder_version=&#8221;3.29.3&#8243;][et_pb_column _builder_version=&#8221;3.29.3&#8243; type=&#8221;4_4&#8243;][et_pb_text _builder_version=&#8221;3.29.3&#8243; hover_enabled=&#8221;0&#8243;] Formul\u00e1rios com a documenta\u00e7\u00e3o necess\u00e1ria para a [&hellip;]","og_url":"http:\/\/seminarioteologicobetel.com.br\/?page_id=332","og_site_name":"Semin\u00e1rio Teol\u00f3gico Betel","article_modified_time":"2019-10-04T05:22:40+00:00","twitter_card":"summary_large_image","twitter_misc":{"Est. tempo de leitura":"2 minutos"},"schema":{"@context":"https:\/\/schema.org","@graph":[{"@type":"WebPage","@id":"http:\/\/seminarioteologicobetel.com.br\/?page_id=332","url":"http:\/\/seminarioteologicobetel.com.br\/?page_id=332","name":"Formul\u00e1rios para inscri\u00e7\u00e3o - Semin\u00e1rio Teol\u00f3gico Betel","isPartOf":{"@id":"http:\/\/seminarioteologicobetel.com.br\/#website"},"datePublished":"2019-09-27T16:27:39+00:00","dateModified":"2019-10-04T05:22:40+00:00","breadcrumb":{"@id":"http:\/\/seminarioteologicobetel.com.br\/?page_id=332#breadcrumb"},"inLanguage":"pt-BR","potentialAction":[{"@type":"ReadAction","target":["http:\/\/seminarioteologicobetel.com.br\/?page_id=332"]}]},{"@type":"BreadcrumbList","@id":"http:\/\/seminarioteologicobetel.com.br\/?page_id=332#breadcrumb","itemListElement":[{"@type":"ListItem","position":1,"name":"In\u00edcio","item":"http:\/\/seminarioteologicobetel.com.br\/"},{"@type":"ListItem","position":2,"name":"Formul\u00e1rios para inscri\u00e7\u00e3o"}]},{"@type":"WebSite","@id":"http:\/\/seminarioteologicobetel.com.br\/#website","url":"http:\/\/seminarioteologicobetel.com.br\/","name":"Semin\u00e1rio Teol\u00f3gico Betel","description":"","potentialAction":[{"@type":"SearchAction","target":{"@type":"EntryPoint","urlTemplate":"http:\/\/seminarioteologicobetel.com.br\/?s={search_term_string}"},"query-input":{"@type":"PropertyValueSpecification","valueRequired":true,"valueName":"search_term_string"}}],"inLanguage":"pt-BR"}]}},"_links":{"self":[{"href":"https:\/\/seminarioteologicobetel.com.br\/index.php?rest_route=\/wp\/v2\/pages\/332","targetHints":{"allow":["GET"]}}],"collection":[{"href":"https:\/\/seminarioteologicobetel.com.br\/index.php?rest_route=\/wp\/v2\/pages"}],"about":[{"href":"https:\/\/seminarioteologicobetel.com.br\/index.php?rest_route=\/wp\/v2\/types\/page"}],"author":[{"embeddable":true,"href":"https:\/\/seminarioteologicobetel.com.br\/index.php?rest_route=\/wp\/v2\/users\/1"}],"replies":[{"embeddable":true,"href":"https:\/\/seminarioteologicobetel.com.br\/index.php?rest_route=%2Fwp%2Fv2%2Fcomments&post=332"}],"version-history":[{"count":4,"href":"https:\/\/seminarioteologicobetel.com.br\/index.php?rest_route=\/wp\/v2\/pages\/332\/revisions"}],"predecessor-version":[{"id":359,"href":"https:\/\/seminarioteologicobetel.com.br\/index.php?rest_route=\/wp\/v2\/pages\/332\/revisions\/359"}],"wp:attachment":[{"href":"https:\/\/seminarioteologicobetel.com.br\/index.php?rest_route=%2Fwp%2Fv2%2Fmedia&parent=332"}],"curies":[{"name":"wp","href":"https:\/\/api.w.org\/{rel}","templated":true}]}}