{"id":23,"date":"2019-03-28T02:46:05","date_gmt":"2019-03-28T05:46:05","guid":{"rendered":"https:\/\/seminarioteologicobetel.com.br\/?page_id=23"},"modified":"2019-05-28T03:44:54","modified_gmt":"2019-05-28T06:44:54","slug":"associacao-evangelica-de-fe","status":"publish","type":"page","link":"https:\/\/seminarioteologicobetel.com.br\/?page_id=23","title":{"rendered":"Associa\u00e7\u00e3o Evang\u00e9lica de F\u00e9"},"content":{"rendered":"<p>[et_pb_section fb_built=&#8221;1&#8243; admin_label=&#8221;section&#8221; _builder_version=&#8221;3.23.3&#8243; use_background_color_gradient=&#8221;on&#8221; background_color_gradient_start=&#8221;#0a80aa&#8221; background_color_gradient_end=&#8221;#0d5084&#8243; background_color_gradient_direction=&#8221;245deg&#8221; background_color_gradient_start_position=&#8221;59%&#8221; global_module=&#8221;88&#8243; saved_tabs=&#8221;all&#8221; background_color_gradient_end__hover=&#8221;rgba(0,75,132,0.48)&#8221; use_background_color_gradient__hover=&#8221;on&#8221;][et_pb_row admin_label=&#8221;row&#8221; _builder_version=&#8221;3.22.3&#8243; background_size=&#8221;initial&#8221; background_position=&#8221;top_left&#8221; background_repeat=&#8221;repeat&#8221;][et_pb_column type=&#8221;4_4&#8243; _builder_version=&#8221;3.0.47&#8243;][et_pb_post_title meta=&#8221;off&#8221; featured_image=&#8221;off&#8221; _builder_version=&#8221;3.23.3&#8243; title_font=&#8221;Amethysta||||||||&#8221; title_text_color=&#8221;#ffffff&#8221; title_font_size=&#8221;50px&#8221;][\/et_pb_post_title][\/et_pb_column][\/et_pb_row][\/et_pb_section][et_pb_section fb_built=&#8221;1&#8243; _builder_version=&#8221;3.23.3&#8243; custom_padding=&#8221;21px|||||&#8221;][et_pb_row custom_padding=&#8221;||6px|||&#8221; _builder_version=&#8221;3.23.3&#8243;][et_pb_column type=&#8221;4_4&#8243; _builder_version=&#8221;3.23.3&#8243;][et_pb_text _builder_version=&#8221;3.23.3&#8243;]<\/p>\n<p style=\"text-align: justify;\">A Associa\u00e7\u00e3o Evang\u00e9lica de F\u00e9, mantenedora do Semin\u00e1rio, \u00e9 uma institui\u00e7\u00e3o filantr\u00f3pica, sem fins econ\u00f4micos, inscrita no Conselho Nacional de Assist\u00eancia Social desde 1952, declarada de utilidade p\u00fablica\u00a0 tanto no Estado\u00a0 quanto no Munic\u00edpio do Rio de Janeiro.<\/p>\n<p style=\"text-align: justify;\">A Associa\u00e7\u00e3o Evang\u00e9lica de F\u00e9, fundada em 3 de novembro de 1939, mant\u00e9m, al\u00e9m do Semin\u00e1rio Teol\u00f3gico Betel o Recolhimento Betel,\u00a0 institui\u00e7\u00e3o dedicada ao acolhimento de senhoras idosas sem fam\u00edlia e sem recursos,\u00a0 o Col\u00e9gio do Semin\u00e1rio Betel, a Miss\u00e3o Betel,\u00a0 participando tamb\u00e9m da Sinal de Vida, uma escola de vida para jovens.<\/p>\n<p style=\"text-align: justify;\"><strong>A Associa\u00e7\u00e3o Evang\u00e9lica de F\u00e9 tem os seguintes objetivos:<\/p>\n<p><\/strong><\/p>\n<ol style=\"text-align: justify;\">\n<li>educar e promover a educa\u00e7\u00e3o como fator de desenvolvimento integral do ser humano;<\/li>\n<li>promover iniciativas de valoriza\u00e7\u00e3o do ser humano, imagem e semelhan\u00e7a de Deus,\u00a0 e da fam\u00edlia, base estrutural de uma sociedade saud\u00e1vel;<\/li>\n<li>prestar assist\u00eancia social e promover a\u00e7\u00f5es sociais que valorizem o indiv\u00edduo e contribuam para sua atua\u00e7\u00e3o consciente, cr\u00edtica e produtiva no seio da sociedade, sem distin\u00e7\u00e3o pol\u00edtica, de credo ou de etnia;<\/li>\n<li><em> <\/em>assistir idosas sem fam\u00edlia ou cuja fam\u00edlia n\u00e3o disponha comprovadamente de condi\u00e7\u00f5es para assisti-las nos termos do Estatuto do Idoso, sem distin\u00e7\u00e3o pol\u00edtica, de credo ou de etnia.<\/li>\n<\/ol>\n<p>[\/et_pb_text][\/et_pb_column][\/et_pb_row][\/et_pb_section]<\/p>\n","protected":false},"excerpt":{"rendered":"<p>[et_pb_section fb_built=&#8221;1&#8243; admin_label=&#8221;section&#8221; _builder_version=&#8221;3.23.3&#8243; use_background_color_gradient=&#8221;on&#8221; background_color_gradient_start=&#8221;#0a80aa&#8221; background_color_gradient_end=&#8221;#0d5084&#8243; background_color_gradient_direction=&#8221;245deg&#8221; background_color_gradient_start_position=&#8221;59%&#8221; global_module=&#8221;88&#8243; saved_tabs=&#8221;all&#8221; background_color_gradient_end__hover=&#8221;rgba(0,75,132,0.48)&#8221; use_background_color_gradient__hover=&#8221;on&#8221;][et_pb_row admin_label=&#8221;row&#8221; _builder_version=&#8221;3.22.3&#8243; background_size=&#8221;initial&#8221; background_position=&#8221;top_left&#8221; background_repeat=&#8221;repeat&#8221;][et_pb_column type=&#8221;4_4&#8243; _builder_version=&#8221;3.0.47&#8243;][et_pb_post_title meta=&#8221;off&#8221; featured_image=&#8221;off&#8221; _builder_version=&#8221;3.23.3&#8243; title_font=&#8221;Amethysta||||||||&#8221; title_text_color=&#8221;#ffffff&#8221; title_font_size=&#8221;50px&#8221;][\/et_pb_post_title][\/et_pb_column][\/et_pb_row][\/et_pb_section][et_pb_section fb_built=&#8221;1&#8243; _builder_version=&#8221;3.23.3&#8243; custom_padding=&#8221;21px|||||&#8221;][et_pb_row custom_padding=&#8221;||6px|||&#8221; _builder_version=&#8221;3.23.3&#8243;][et_pb_column type=&#8221;4_4&#8243; _builder_version=&#8221;3.23.3&#8243;][et_pb_text _builder_version=&#8221;3.23.3&#8243;] A Associa\u00e7\u00e3o Evang\u00e9lica de F\u00e9, mantenedora do Semin\u00e1rio, \u00e9 uma institui\u00e7\u00e3o filantr\u00f3pica, sem fins econ\u00f4micos, inscrita no Conselho Nacional de Assist\u00eancia [&hellip;]<\/p>\n","protected":false},"author":1,"featured_media":0,"parent":0,"menu_order":0,"comment_status":"closed","ping_status":"closed","template":"","meta":{"_et_pb_use_builder":"on","_et_pb_old_content":"","footnotes":""},"class_list":["post-23","page","type-page","status-publish","hentry"],"yoast_head":"<!-- This site is optimized with the Yoast SEO plugin v26.7 - https:\/\/yoast.com\/wordpress\/plugins\/seo\/ -->\n<title>Associa\u00e7\u00e3o Evang\u00e9lica de F\u00e9 - Semin\u00e1rio Teol\u00f3gico Betel<\/title>\n<meta name=\"robots\" content=\"noindex, follow, max-snippet:-1, max-image-preview:large, max-video-preview:-1\" \/>\n<meta property=\"og:locale\" content=\"pt_BR\" \/>\n<meta property=\"og:type\" content=\"article\" \/>\n<meta property=\"og:title\" content=\"Associa\u00e7\u00e3o Evang\u00e9lica de F\u00e9 - Semin\u00e1rio Teol\u00f3gico Betel\" \/>\n<meta property=\"og:description\" content=\"[et_pb_section fb_built=&#8221;1&#8243; admin_label=&#8221;section&#8221; _builder_version=&#8221;3.23.3&#8243; use_background_color_gradient=&#8221;on&#8221; background_color_gradient_start=&#8221;#0a80aa&#8221; background_color_gradient_end=&#8221;#0d5084&#8243; background_color_gradient_direction=&#8221;245deg&#8221; background_color_gradient_start_position=&#8221;59%&#8221; global_module=&#8221;88&#8243; saved_tabs=&#8221;all&#8221; background_color_gradient_end__hover=&#8221;rgba(0,75,132,0.48)&#8221; use_background_color_gradient__hover=&#8221;on&#8221;][et_pb_row admin_label=&#8221;row&#8221; _builder_version=&#8221;3.22.3&#8243; background_size=&#8221;initial&#8221; background_position=&#8221;top_left&#8221; background_repeat=&#8221;repeat&#8221;][et_pb_column type=&#8221;4_4&#8243; _builder_version=&#8221;3.0.47&#8243;][et_pb_post_title meta=&#8221;off&#8221; featured_image=&#8221;off&#8221; _builder_version=&#8221;3.23.3&#8243; title_font=&#8221;Amethysta||||||||&#8221; title_text_color=&#8221;#ffffff&#8221; title_font_size=&#8221;50px&#8221;][\/et_pb_post_title][\/et_pb_column][\/et_pb_row][\/et_pb_section][et_pb_section fb_built=&#8221;1&#8243; _builder_version=&#8221;3.23.3&#8243; custom_padding=&#8221;21px|||||&#8221;][et_pb_row custom_padding=&#8221;||6px|||&#8221; _builder_version=&#8221;3.23.3&#8243;][et_pb_column type=&#8221;4_4&#8243; _builder_version=&#8221;3.23.3&#8243;][et_pb_text _builder_version=&#8221;3.23.3&#8243;] A Associa\u00e7\u00e3o Evang\u00e9lica de F\u00e9, mantenedora do Semin\u00e1rio, \u00e9 uma institui\u00e7\u00e3o filantr\u00f3pica, sem fins econ\u00f4micos, inscrita no Conselho Nacional de Assist\u00eancia [&hellip;]\" \/>\n<meta property=\"og:url\" content=\"https:\/\/seminarioteologicobetel.com.br\/?page_id=23\" \/>\n<meta property=\"og:site_name\" content=\"Semin\u00e1rio Teol\u00f3gico Betel\" \/>\n<meta property=\"article:modified_time\" content=\"2019-05-28T06:44:54+00:00\" \/>\n<meta name=\"twitter:card\" content=\"summary_large_image\" \/>\n<meta name=\"twitter:label1\" content=\"Est. tempo de leitura\" \/>\n\t<meta name=\"twitter:data1\" content=\"2 minutos\" \/>\n<script type=\"application\/ld+json\" class=\"yoast-schema-graph\">{\"@context\":\"https:\/\/schema.org\",\"@graph\":[{\"@type\":\"WebPage\",\"@id\":\"https:\/\/seminarioteologicobetel.com.br\/?page_id=23\",\"url\":\"https:\/\/seminarioteologicobetel.com.br\/?page_id=23\",\"name\":\"Associa\u00e7\u00e3o Evang\u00e9lica de F\u00e9 - Semin\u00e1rio Teol\u00f3gico Betel\",\"isPartOf\":{\"@id\":\"http:\/\/seminarioteologicobetel.com.br\/#website\"},\"datePublished\":\"2019-03-28T05:46:05+00:00\",\"dateModified\":\"2019-05-28T06:44:54+00:00\",\"breadcrumb\":{\"@id\":\"https:\/\/seminarioteologicobetel.com.br\/?page_id=23#breadcrumb\"},\"inLanguage\":\"pt-BR\",\"potentialAction\":[{\"@type\":\"ReadAction\",\"target\":[\"https:\/\/seminarioteologicobetel.com.br\/?page_id=23\"]}]},{\"@type\":\"BreadcrumbList\",\"@id\":\"https:\/\/seminarioteologicobetel.com.br\/?page_id=23#breadcrumb\",\"itemListElement\":[{\"@type\":\"ListItem\",\"position\":1,\"name\":\"In\u00edcio\",\"item\":\"http:\/\/seminarioteologicobetel.com.br\/\"},{\"@type\":\"ListItem\",\"position\":2,\"name\":\"Associa\u00e7\u00e3o Evang\u00e9lica de F\u00e9\"}]},{\"@type\":\"WebSite\",\"@id\":\"http:\/\/seminarioteologicobetel.com.br\/#website\",\"url\":\"http:\/\/seminarioteologicobetel.com.br\/\",\"name\":\"Semin\u00e1rio Teol\u00f3gico Betel\",\"description\":\"\",\"potentialAction\":[{\"@type\":\"SearchAction\",\"target\":{\"@type\":\"EntryPoint\",\"urlTemplate\":\"http:\/\/seminarioteologicobetel.com.br\/?s={search_term_string}\"},\"query-input\":{\"@type\":\"PropertyValueSpecification\",\"valueRequired\":true,\"valueName\":\"search_term_string\"}}],\"inLanguage\":\"pt-BR\"}]}<\/script>\n<!-- \/ Yoast SEO plugin. -->","yoast_head_json":{"title":"Associa\u00e7\u00e3o Evang\u00e9lica de F\u00e9 - Semin\u00e1rio Teol\u00f3gico Betel","robots":{"index":"noindex","follow":"follow","max-snippet":"max-snippet:-1","max-image-preview":"max-image-preview:large","max-video-preview":"max-video-preview:-1"},"og_locale":"pt_BR","og_type":"article","og_title":"Associa\u00e7\u00e3o Evang\u00e9lica de F\u00e9 - Semin\u00e1rio Teol\u00f3gico Betel","og_description":"[et_pb_section fb_built=&#8221;1&#8243; admin_label=&#8221;section&#8221; _builder_version=&#8221;3.23.3&#8243; use_background_color_gradient=&#8221;on&#8221; background_color_gradient_start=&#8221;#0a80aa&#8221; background_color_gradient_end=&#8221;#0d5084&#8243; background_color_gradient_direction=&#8221;245deg&#8221; background_color_gradient_start_position=&#8221;59%&#8221; global_module=&#8221;88&#8243; saved_tabs=&#8221;all&#8221; background_color_gradient_end__hover=&#8221;rgba(0,75,132,0.48)&#8221; use_background_color_gradient__hover=&#8221;on&#8221;][et_pb_row admin_label=&#8221;row&#8221; _builder_version=&#8221;3.22.3&#8243; background_size=&#8221;initial&#8221; background_position=&#8221;top_left&#8221; background_repeat=&#8221;repeat&#8221;][et_pb_column type=&#8221;4_4&#8243; _builder_version=&#8221;3.0.47&#8243;][et_pb_post_title meta=&#8221;off&#8221; featured_image=&#8221;off&#8221; _builder_version=&#8221;3.23.3&#8243; title_font=&#8221;Amethysta||||||||&#8221; title_text_color=&#8221;#ffffff&#8221; title_font_size=&#8221;50px&#8221;][\/et_pb_post_title][\/et_pb_column][\/et_pb_row][\/et_pb_section][et_pb_section fb_built=&#8221;1&#8243; _builder_version=&#8221;3.23.3&#8243; custom_padding=&#8221;21px|||||&#8221;][et_pb_row custom_padding=&#8221;||6px|||&#8221; _builder_version=&#8221;3.23.3&#8243;][et_pb_column type=&#8221;4_4&#8243; _builder_version=&#8221;3.23.3&#8243;][et_pb_text _builder_version=&#8221;3.23.3&#8243;] A Associa\u00e7\u00e3o Evang\u00e9lica de F\u00e9, mantenedora do Semin\u00e1rio, \u00e9 uma institui\u00e7\u00e3o filantr\u00f3pica, sem fins econ\u00f4micos, inscrita no Conselho Nacional de Assist\u00eancia [&hellip;]","og_url":"https:\/\/seminarioteologicobetel.com.br\/?page_id=23","og_site_name":"Semin\u00e1rio Teol\u00f3gico Betel","article_modified_time":"2019-05-28T06:44:54+00:00","twitter_card":"summary_large_image","twitter_misc":{"Est. tempo de leitura":"2 minutos"},"schema":{"@context":"https:\/\/schema.org","@graph":[{"@type":"WebPage","@id":"https:\/\/seminarioteologicobetel.com.br\/?page_id=23","url":"https:\/\/seminarioteologicobetel.com.br\/?page_id=23","name":"Associa\u00e7\u00e3o Evang\u00e9lica de F\u00e9 - Semin\u00e1rio Teol\u00f3gico Betel","isPartOf":{"@id":"http:\/\/seminarioteologicobetel.com.br\/#website"},"datePublished":"2019-03-28T05:46:05+00:00","dateModified":"2019-05-28T06:44:54+00:00","breadcrumb":{"@id":"https:\/\/seminarioteologicobetel.com.br\/?page_id=23#breadcrumb"},"inLanguage":"pt-BR","potentialAction":[{"@type":"ReadAction","target":["https:\/\/seminarioteologicobetel.com.br\/?page_id=23"]}]},{"@type":"BreadcrumbList","@id":"https:\/\/seminarioteologicobetel.com.br\/?page_id=23#breadcrumb","itemListElement":[{"@type":"ListItem","position":1,"name":"In\u00edcio","item":"http:\/\/seminarioteologicobetel.com.br\/"},{"@type":"ListItem","position":2,"name":"Associa\u00e7\u00e3o Evang\u00e9lica de F\u00e9"}]},{"@type":"WebSite","@id":"http:\/\/seminarioteologicobetel.com.br\/#website","url":"http:\/\/seminarioteologicobetel.com.br\/","name":"Semin\u00e1rio Teol\u00f3gico Betel","description":"","potentialAction":[{"@type":"SearchAction","target":{"@type":"EntryPoint","urlTemplate":"http:\/\/seminarioteologicobetel.com.br\/?s={search_term_string}"},"query-input":{"@type":"PropertyValueSpecification","valueRequired":true,"valueName":"search_term_string"}}],"inLanguage":"pt-BR"}]}},"_links":{"self":[{"href":"https:\/\/seminarioteologicobetel.com.br\/index.php?rest_route=\/wp\/v2\/pages\/23","targetHints":{"allow":["GET"]}}],"collection":[{"href":"https:\/\/seminarioteologicobetel.com.br\/index.php?rest_route=\/wp\/v2\/pages"}],"about":[{"href":"https:\/\/seminarioteologicobetel.com.br\/index.php?rest_route=\/wp\/v2\/types\/page"}],"author":[{"embeddable":true,"href":"https:\/\/seminarioteologicobetel.com.br\/index.php?rest_route=\/wp\/v2\/users\/1"}],"replies":[{"embeddable":true,"href":"https:\/\/seminarioteologicobetel.com.br\/index.php?rest_route=%2Fwp%2Fv2%2Fcomments&post=23"}],"version-history":[{"count":6,"href":"https:\/\/seminarioteologicobetel.com.br\/index.php?rest_route=\/wp\/v2\/pages\/23\/revisions"}],"predecessor-version":[{"id":99,"href":"https:\/\/seminarioteologicobetel.com.br\/index.php?rest_route=\/wp\/v2\/pages\/23\/revisions\/99"}],"wp:attachment":[{"href":"https:\/\/seminarioteologicobetel.com.br\/index.php?rest_route=%2Fwp%2Fv2%2Fmedia&parent=23"}],"curies":[{"name":"wp","href":"https:\/\/api.w.org\/{rel}","templated":true}]}}