{"id":188,"date":"2019-06-10T05:59:29","date_gmt":"2019-06-10T08:59:29","guid":{"rendered":"https:\/\/seminarioteologicobetel.com.br\/?page_id=188"},"modified":"2025-05-29T10:09:45","modified_gmt":"2025-05-29T13:09:45","slug":"superior-em-teologia","status":"publish","type":"page","link":"https:\/\/seminarioteologicobetel.com.br\/?page_id=188","title":{"rendered":"Superior em Teologia"},"content":{"rendered":"<p>[et_pb_section fb_built=&#8221;1&#8243; admin_label=&#8221;section&#8221; _builder_version=&#8221;3.29.3&#8243; use_background_color_gradient=&#8221;on&#8221; background_color_gradient_start=&#8221;#0a80aa&#8221; background_color_gradient_end=&#8221;#0d5084&#8243; background_color_gradient_direction=&#8221;245deg&#8221; background_color_gradient_start_position=&#8221;59%&#8221; global_module=&#8221;88&#8243; saved_tabs=&#8221;all&#8221; collapsed=&#8221;off&#8221; fb_built=&#8221;1&#8243; background_color_gradient_end__hover=&#8221;rgba(0,75,132,0.48)&#8221; use_background_color_gradient__hover=&#8221;on&#8221; _i=&#8221;0&#8243; _address=&#8221;0&#8243;][et_pb_row admin_label=&#8221;row&#8221; _builder_version=&#8221;3.29.3&#8243; background_size=&#8221;initial&#8221; background_position=&#8221;top_left&#8221; background_repeat=&#8221;repeat&#8221; _i=&#8221;0&#8243; _address=&#8221;0.0&#8243;][et_pb_column type=&#8221;4_4&#8243; _builder_version=&#8221;3.25&#8243; custom_padding=&#8221;|||&#8221; _i=&#8221;0&#8243; _address=&#8221;0.0.0&#8243; custom_padding__hover=&#8221;|||&#8221;][et_pb_post_title meta=&#8221;off&#8221; featured_image=&#8221;off&#8221; admin_label=&#8221;T\u00edtulo da Publica\u00e7\u00e3o&#8221; _builder_version=&#8221;3.29.3&#8243; title_font=&#8221;Amethysta||||||||&#8221; title_text_color=&#8221;#ffffff&#8221; title_font_size=&#8221;50px&#8221; _i=&#8221;0&#8243; _address=&#8221;0.0.0.0&#8243;][\/et_pb_post_title][\/et_pb_column][\/et_pb_row][\/et_pb_section][et_pb_section fb_built=&#8221;1&#8243; _builder_version=&#8221;3.23.3&#8243; custom_padding=&#8221;21px|||||&#8221; collapsed=&#8221;off&#8221; fb_built=&#8221;1&#8243; _i=&#8221;1&#8243; _address=&#8221;1&#8243;][et_pb_row _builder_version=&#8221;3.25&#8243; custom_padding=&#8221;15px|||||&#8221; _i=&#8221;0&#8243; _address=&#8221;1.0&#8243;][et_pb_column type=&#8221;4_4&#8243; _builder_version=&#8221;3.25&#8243; custom_padding=&#8221;|||&#8221; _i=&#8221;0&#8243; _address=&#8221;1.0.0&#8243; custom_padding__hover=&#8221;|||&#8221;][et_pb_text _builder_version=&#8221;3.29.3&#8243; custom_padding=&#8221;2px|||||&#8221; hover_enabled=&#8221;0&#8243; _i=&#8221;0&#8243; _address=&#8221;1.0.0.0&#8243;]<\/p>\n<p>\u00a0O curso Superior em Teologia (Curso\u00a0livre)\u00a0est\u00e1 estruturado em oito semestres letivos de disciplinas presenciais,\u00a0 permitindo\u00a0 tr\u00eas \u00eanfases: <strong>Minist\u00e9rio Pastoral, Miss\u00f5es, Educa\u00e7\u00e3o Crist\u00e3.\u00a0<\/strong> Candidatos portadores de diploma de curso superior podem ficar isentos de 10 das disciplinas oferecidas, reduzindo\u00a0 o tempo de estudos.\u00a0 \u00c9 poss\u00edvel uma sa\u00edda intermedi\u00e1ria aos alunos que conclu\u00edrem com aprova\u00e7\u00e3o todos os cr\u00e9ditos propostos para os seis\u00a0 primeiros semestres de estudos, aos quais ser\u00e1 emitido um certificado.<\/p>\n<p>[\/et_pb_text][\/et_pb_column][\/et_pb_row][et_pb_row column_structure=&#8221;3_5,2_5&#8243; _builder_version=&#8221;3.25&#8243; _i=&#8221;1&#8243; _address=&#8221;1.1&#8243;][et_pb_column type=&#8221;3_5&#8243; _builder_version=&#8221;3.25&#8243; custom_padding=&#8221;|||&#8221; _i=&#8221;0&#8243; _address=&#8221;1.1.0&#8243; custom_padding__hover=&#8221;|||&#8221;][et_pb_text _builder_version=&#8221;3.27.4&#8243; _i=&#8221;0&#8243; _address=&#8221;1.1.0.0&#8243;]<\/p>\n<h3><strong><em>Matrizes curriculares<\/em><\/strong><\/h3>\n<p>[\/et_pb_text][et_pb_accordion _builder_version=&#8221;3.29.3&#8243; _i=&#8221;1&#8243; _address=&#8221;1.1.0.1&#8243;][et_pb_accordion_item title=&#8221;1\u00b0 Periodo&#8221; open=&#8221;on&#8221; _builder_version=&#8221;3.29.3&#8243; body_line_height=&#8221;1.3em&#8221; _i=&#8221;0&#8243; _address=&#8221;1.1.0.1.0&#8243;]<\/p>\n<p><strong>Disciplinas Comuns<\/strong><\/p>\n<p>An\u00e1lise do Antigo\u00a0 Testamento\u00a0I<\/p>\n<p>An\u00e1lise do Novo Testamento I<\/p>\n<p>Hist\u00f3ria da Igreja Crist\u00e3 I<\/p>\n<p><em>Metodologia da Pesquisa &#8211; On-line<\/em><\/p>\n<p><em>Portugu\u00eas Instrumental I &#8211; On-line<\/em><\/p>\n<p><em>Antropologia<\/em><\/p>\n<p><em>Filosofia I<\/em><\/p>\n<p><em>Missiologia<\/em><\/p>\n<p>Pr\u00e1ticas Devocionais I<\/p>\n<p>[\/et_pb_accordion_item][et_pb_accordion_item title=&#8221;2\u00b0 Periodo&#8221; _builder_version=&#8221;3.29.3&#8243; body_line_height=&#8221;1.3em&#8221; _i=&#8221;1&#8243; _address=&#8221;1.1.0.1.1&#8243; open=&#8221;off&#8221;]<\/p>\n<p><strong>Disciplinas Comuns<\/strong><\/p>\n<p>Analise do Antigo\u00a0 Testamento II<\/p>\n<p>Analise do Novo Testamento II<\/p>\n<p>Hist\u00f3ria da Igreja Crist\u00e3 II<\/p>\n<p>Miss\u00f5es<\/p>\n<p>Louvor e Adora\u00e7\u00e3o\u00a0&#8211; On-line<\/p>\n<p><em>Portugu\u00eas Instrumental II &#8211; On-line<\/em><\/p>\n<p><em>Sociologia<\/em><\/p>\n<p><em>Filosofia II<\/em><\/p>\n<p>Miss\u00f5es Urbanas<\/p>\n<p>Pr\u00e1ticas Devocionais II<\/p>\n<p>&nbsp;<\/p>\n<p>[\/et_pb_accordion_item][et_pb_accordion_item title=&#8221;3\u00b0 Periodo&#8221; _builder_version=&#8221;3.29.3&#8243; body_line_height=&#8221;1.3em&#8221; _i=&#8221;2&#8243; _address=&#8221;1.1.0.1.2&#8243; open=&#8221;off&#8221;]<\/p>\n<p><strong>Disciplinas Comuns<\/strong><\/p>\n<p>Analise do Antigo\u00a0 Testamento III<\/p>\n<p>Analise do Novo Testamento III<\/p>\n<p>Hist\u00f3ria da Igreja Crist\u00e3 III<\/p>\n<p>Teologia Sistem\u00e1tica I<\/p>\n<p>Teologia B\u00edblica I<\/p>\n<p>Comunica\u00e7\u00e3o I<\/p>\n<p>Grego Instrumental I &#8211; On-line<\/p>\n<p>Hebraico Instrumental I &#8211; On-line<\/p>\n<p>Pr\u00e1ticas Devocionais III<\/p>\n<p>[\/et_pb_accordion_item][et_pb_accordion_item title=&#8221;4\u00b0 Periodo&#8221; _builder_version=&#8221;3.29.3&#8243; body_line_height=&#8221;1.3em&#8221; _i=&#8221;3&#8243; _address=&#8221;1.1.0.1.3&#8243; open=&#8221;off&#8221;]<\/p>\n<p><strong>Disciplinas Comuns<\/strong><\/p>\n<p>Analise do Antigo\u00a0 Testamento IV<\/p>\n<p>Analise do Novo Testamento IV<\/p>\n<p>Hist\u00f3ria da Igreja Crist\u00e3\u00a0IV<\/p>\n<p>Teologia Sistem\u00e1tica II<\/p>\n<p>Teologia B\u00edblica II<\/p>\n<p>Comunica\u00e7\u00e3o II<\/p>\n<p>Grego Instrumental II &#8211; On-line<\/p>\n<p>Hebraico Instrumental II &#8211; On-line<\/p>\n<p>Pr\u00e1ticas Devocionais IV<\/p>\n<p>[\/et_pb_accordion_item][et_pb_accordion_item title=&#8221;5\u00b0 Periodo&#8221; _builder_version=&#8221;3.29.3&#8243; body_line_height=&#8221;1.3em&#8221; _i=&#8221;4&#8243; _address=&#8221;1.1.0.1.4&#8243; open=&#8221;off&#8221;]<\/p>\n<p><strong>Disciplinas Comuns<\/strong><\/p>\n<p>Gest\u00e3o Eclesi\u00e1stica<\/p>\n<p>Eclesiologia I<\/p>\n<p><em>Psicologia I<\/em><\/p>\n<p>Teologia Sistem\u00e1tica III<\/p>\n<p>Teologia B\u00edblica III<\/p>\n<p>Teologia e \u00e9tica ministerial I<\/p>\n<p>Exegese do Novo Testamento &#8211; On-line<\/p>\n<p>Exegese do Antigo Testamento &#8211; On-line<\/p>\n<p>Atividades complementares &#8211; 100 horas<\/p>\n<p>Pr\u00e1ticas Devocionais V<\/p>\n<p>[\/et_pb_accordion_item][et_pb_accordion_item title=&#8221;6\u00b0 Periodo&#8221; _builder_version=&#8221;3.29.3&#8243; body_line_height=&#8221;1.3em&#8221; _i=&#8221;5&#8243; _address=&#8221;1.1.0.1.5&#8243; open=&#8221;off&#8221;]<\/p>\n<p><strong style=\"font-size: 14px;\">Disciplinas Comuns<\/strong><strong><\/strong><\/p>\n<p><em>Lideran\u00e7a e gest\u00e3o de equipes &#8211; On-line<\/em><\/p>\n<p>Eclesiologia II<em><\/em><\/p>\n<p><em>Psicologia II &#8211; On-line<\/em><\/p>\n<p>Teologia Sistem\u00e1tica IV<\/p>\n<p>Teologia B\u00edblica IV<\/p>\n<p>Teologia e \u00e9tica ministerial II<\/p>\n<p>Hermen\u00eautica<\/p>\n<p>Aconselhamento b\u00edblico<\/p>\n<p>Atividades complementares &#8211; 100 horas<\/p>\n<p>Pr\u00e1ticas Devocionais VI<\/p>\n<p>[\/et_pb_accordion_item][et_pb_accordion_item title=&#8221;7\u00b0 Periodo&#8221; _builder_version=&#8221;3.29.3&#8243; body_line_height=&#8221;1.3em&#8221; _i=&#8221;6&#8243; _address=&#8221;1.1.0.1.6&#8243; open=&#8221;off&#8221;]<\/p>\n<p><strong><\/strong><\/p>\n<p><strong>Disciplinas Comuns<\/strong><\/p>\n<p>TCC I &#8211; Online &#8211; 40 horas<\/p>\n<p>Pr\u00e1tica ministerial I &#8211; On-line<\/p>\n<p><strong>E\u0302nfase em Educac\u0327a\u0303o\u00a0Crista\u0303<\/strong><\/p>\n<p>Fundamentos da Educa\u00e7\u00e3o I<strong><\/strong><\/p>\n<p>Did\u00e1tica<\/p>\n<p><strong>E\u0302nfase Ministe\u0301rio Pastoral<\/strong><\/p>\n<p>Teologia Hist\u00f3rica<strong><\/strong><\/p>\n<p>Homil\u00e9tica<\/p>\n<p><strong>E\u0302nfase em Misso\u0303es<\/strong><\/p>\n<p>Miss\u00f5es transculturais e Fenomenologia<strong><\/strong><\/p>\n<p>Capelanias<\/p>\n<p>&nbsp;<\/p>\n<p>Est\u00e1gio I &#8211; 100 horas<\/p>\n<p>Pr\u00e1ticas Devocionais VII<\/p>\n<p><strong><\/strong><\/p>\n<p>[\/et_pb_accordion_item][et_pb_accordion_item title=&#8221;8\u00b0 Periodo&#8221; _builder_version=&#8221;3.29.3&#8243; body_line_height=&#8221;1.3em&#8221; _i=&#8221;7&#8243; _address=&#8221;1.1.0.1.7&#8243; open=&#8221;off&#8221;]<\/p>\n<p><strong>Disciplinas Comuns<\/strong><\/p>\n<p>TCC II &#8211; Online &#8211; 60 horas<\/p>\n<p>Pr\u00e1tica Ministerial II &#8211; On-line<\/p>\n<p>Est\u00e1gio II &#8211; 100 horas<span><\/span><\/p>\n<p>Pr\u00e1ticas Devocionais VIII<\/p>\n<p><strong>E\u0302nfase em Educac\u0327a\u0303o\u00a0Crista\u0303<\/strong><\/p>\n<p>Fundamentos da Educa\u00e7\u00e3o II<\/p>\n<p>Planejamento educacional e curr\u00edculo<\/p>\n<p><strong>E\u0302nfase Ministe\u0301rio Pastoral<\/strong><\/p>\n<p>Correntes Contempor\u00e2neas em Teologia<\/p>\n<p>T\u00f3picos em Teologia<\/p>\n<p><strong>E\u0302nfase em Misso\u0303es<\/strong><\/p>\n<p>Vida Mission\u00e1ria<span style=\"font-size: 14px;\">\u00a0<\/span><\/p>\n<p><span style=\"font-size: 14px;\">Eclesiog\u00eanese<\/span><\/p>\n<p>&nbsp;<\/p>\n<p>[\/et_pb_accordion_item][\/et_pb_accordion][\/et_pb_column][et_pb_column type=&#8221;2_5&#8243; _builder_version=&#8221;3.25&#8243; custom_padding=&#8221;|||&#8221; _i=&#8221;1&#8243; _address=&#8221;1.1.1&#8243; custom_padding__hover=&#8221;|||&#8221;][et_pb_text _builder_version=&#8221;3.27.4&#8243; _i=&#8221;0&#8243; _address=&#8221;1.1.1.0&#8243;]<\/p>\n<h3><strong><em>Requisitos para a matr\u00edcula<\/em><\/strong><\/h3>\n<p><em><\/em><\/p>\n<p><em><\/em><\/p>\n<ul>\n<li>Conclus\u00e3o do ensino m\u00e9dio ou equivalente;<\/li>\n<li>Prova de ser membro em plena comunh\u00e3o e atividade de igreja evang\u00e9lica;<\/li>\n<li>Recomenda\u00e7\u00e3o pastoral;<\/li>\n<li>Submeter-se \u00e0 entrevista.\n<p><em><\/em><em><\/em><em><\/em><em><\/em><\/p>\n<\/li>\n<\/ul>\n<p>Portadores de diploma de curso superior podem requerer matr\u00edcula com isen\u00e7\u00e3o de 10 disciplinas (italizadas) no processo de sele\u00e7\u00e3o e aproveitamento de estudos.<\/p>\n<p>[\/et_pb_text][et_pb_text _builder_version=&#8221;3.29.3&#8243; custom_padding=&#8221;||2px|||&#8221; hover_enabled=&#8221;0&#8243; _i=&#8221;1&#8243; _address=&#8221;1.1.1.1&#8243; admin_label=&#8221;Texto&#8221;]<\/p>\n<p><strong>Observa\u00e7\u00f5es:<\/strong><\/p>\n<p><em>-O curso pleno compreende 145 cr\u00e9ditos (2.900 horas).<\/em><\/p>\n<p><b>Hor\u00e1rios<\/b><\/p>\n<p><em><strong>Diurno<\/strong> &#8211; segunda-feira \u00e0 quinta-feira &#8211; 7:30h \u00e0s 11h;<br \/><strong>Noturno<\/strong> &#8211; segunda-feira \u00e0 quinta-feira &#8211; 18:30h \u00e0s 21:30h;<\/em><\/p>\n<p><strong><em>OBS:\u00a0<\/em><\/strong><em>segundas-feiras\u00a0&#8211;\u00a0aulas\u00a0online<\/em><\/p>\n<p>&nbsp;<\/p>\n<p><strong><em>Oferta mensal:<\/em><\/strong><\/p>\n<p><em><strong>Matr\u00edcula<\/strong>: R$ 450,00<\/em><br \/><em><strong>Mensalidade<\/strong>: R$ 408,00<\/em><\/p>\n<p>[\/et_pb_text][et_pb_text admin_label=&#8221;Texto&#8221; _builder_version=&#8221;3.29.3&#8243; hover_enabled=&#8221;0&#8243; _i=&#8221;2&#8243; _address=&#8221;1.1.1.2&#8243;]<\/p>\n<h3><strong>Fa\u00e7a sua Pr\u00e9-inscri\u00e7\u00e3o<\/strong><\/h3>\n<p>Preencha o formul\u00e1rio abaixo que lhe enviaremos um e-mail com as instru\u00e7\u00f5es para realizar a sua inscri\u00e7\u00e3o.<\/p>\n\n<div class=\"wpcf7 no-js\" id=\"wpcf7-f321-o1\" lang=\"pt-BR\" dir=\"ltr\" data-wpcf7-id=\"321\">\n<div class=\"screen-reader-response\"><p role=\"status\" aria-live=\"polite\" aria-atomic=\"true\"><\/p> <ul><\/ul><\/div>\n<form action=\"\/index.php?rest_route=%2Fwp%2Fv2%2Fpages%2F188#wpcf7-f321-o1\" method=\"post\" class=\"wpcf7-form init\" aria-label=\"Formul\u00e1rios de contato\" novalidate=\"novalidate\" data-status=\"init\">\n<fieldset class=\"hidden-fields-container\"><input type=\"hidden\" name=\"_wpcf7\" value=\"321\" \/><input type=\"hidden\" name=\"_wpcf7_version\" value=\"6.1.4\" \/><input type=\"hidden\" name=\"_wpcf7_locale\" value=\"pt_BR\" \/><input type=\"hidden\" name=\"_wpcf7_unit_tag\" value=\"wpcf7-f321-o1\" \/><input type=\"hidden\" name=\"_wpcf7_container_post\" value=\"0\" \/><input type=\"hidden\" name=\"_wpcf7_posted_data_hash\" value=\"\" \/>\n<\/fieldset>\n<p>Nome\n<\/p>\n<p><span class=\"wpcf7-form-control-wrap\" data-name=\"nome\"><input size=\"40\" maxlength=\"400\" class=\"wpcf7-form-control wpcf7-text wpcf7-validates-as-required input\" aria-required=\"true\" aria-invalid=\"false\" value=\"\" type=\"text\" name=\"nome\" \/><\/span>\n<\/p>\n<p>Telefone\n<\/p>\n<p><span class=\"wpcf7-form-control-wrap\" data-name=\"telefone\"><input size=\"40\" maxlength=\"400\" class=\"wpcf7-form-control wpcf7-text wpcf7-validates-as-required input\" aria-required=\"true\" aria-invalid=\"false\" value=\"\" type=\"text\" name=\"telefone\" \/><\/span>\n<\/p>\n<p>E-mail\n<\/p>\n<p><span class=\"wpcf7-form-control-wrap\" data-name=\"email\"><input size=\"40\" maxlength=\"400\" class=\"wpcf7-form-control wpcf7-email wpcf7-validates-as-required wpcf7-text wpcf7-validates-as-email input\" aria-required=\"true\" aria-invalid=\"false\" value=\"\" type=\"email\" name=\"email\" \/><\/span>\n<\/p>\n<p>Igreja\n<\/p>\n<p><span class=\"wpcf7-form-control-wrap\" data-name=\"igreja\"><input size=\"40\" maxlength=\"400\" class=\"wpcf7-form-control wpcf7-text wpcf7-validates-as-required input\" aria-required=\"true\" aria-invalid=\"false\" value=\"\" type=\"text\" name=\"igreja\" \/><\/span>\n<\/p>\n<p><input class=\"wpcf7-form-control wpcf7-submit has-spinner botao\" type=\"submit\" value=\"Enviar\" \/>\n<\/p><div class=\"wpcf7-response-output\" aria-hidden=\"true\"><\/div>\n<\/form>\n<\/div>\n\n<p><a href=\"https:\/\/seminarioteologicobetel.com.br\/?page_id=332\">Clique aqui para baixar os formul\u00e1rios necess\u00e1rios para inscri\u00e7\u00e3o.\u00a0<\/a><\/p>\n<p>[\/et_pb_text][\/et_pb_column][\/et_pb_row][\/et_pb_section]<\/p>\n","protected":false},"excerpt":{"rendered":"<p>[et_pb_section fb_built=&#8221;1&#8243; admin_label=&#8221;section&#8221; _builder_version=&#8221;3.29.3&#8243; use_background_color_gradient=&#8221;on&#8221; background_color_gradient_start=&#8221;#0a80aa&#8221; background_color_gradient_end=&#8221;#0d5084&#8243; background_color_gradient_direction=&#8221;245deg&#8221; background_color_gradient_start_position=&#8221;59%&#8221; global_module=&#8221;88&#8243; saved_tabs=&#8221;all&#8221; collapsed=&#8221;off&#8221; fb_built=&#8221;1&#8243; background_color_gradient_end__hover=&#8221;rgba(0,75,132,0.48)&#8221; use_background_color_gradient__hover=&#8221;on&#8221; _i=&#8221;0&#8243; _address=&#8221;0&#8243;][et_pb_row admin_label=&#8221;row&#8221; _builder_version=&#8221;3.29.3&#8243; background_size=&#8221;initial&#8221; background_position=&#8221;top_left&#8221; background_repeat=&#8221;repeat&#8221; _i=&#8221;0&#8243; _address=&#8221;0.0&#8243;][et_pb_column type=&#8221;4_4&#8243; _builder_version=&#8221;3.25&#8243; custom_padding=&#8221;|||&#8221; _i=&#8221;0&#8243; _address=&#8221;0.0.0&#8243; custom_padding__hover=&#8221;|||&#8221;][et_pb_post_title meta=&#8221;off&#8221; featured_image=&#8221;off&#8221; admin_label=&#8221;T\u00edtulo da Publica\u00e7\u00e3o&#8221; _builder_version=&#8221;3.29.3&#8243; title_font=&#8221;Amethysta||||||||&#8221; title_text_color=&#8221;#ffffff&#8221; title_font_size=&#8221;50px&#8221; _i=&#8221;0&#8243; _address=&#8221;0.0.0.0&#8243;][\/et_pb_post_title][\/et_pb_column][\/et_pb_row][\/et_pb_section][et_pb_section fb_built=&#8221;1&#8243; _builder_version=&#8221;3.23.3&#8243; custom_padding=&#8221;21px|||||&#8221; collapsed=&#8221;off&#8221; fb_built=&#8221;1&#8243; _i=&#8221;1&#8243; _address=&#8221;1&#8243;][et_pb_row _builder_version=&#8221;3.25&#8243; custom_padding=&#8221;15px|||||&#8221; _i=&#8221;0&#8243; _address=&#8221;1.0&#8243;][et_pb_column type=&#8221;4_4&#8243; _builder_version=&#8221;3.25&#8243; custom_padding=&#8221;|||&#8221; [&hellip;]<\/p>\n","protected":false},"author":1,"featured_media":0,"parent":0,"menu_order":0,"comment_status":"closed","ping_status":"closed","template":"","meta":{"_et_pb_use_builder":"on","_et_pb_old_content":"","footnotes":""},"class_list":["post-188","page","type-page","status-publish","hentry"],"yoast_head":"<!-- This site is optimized with the Yoast SEO plugin v26.7 - https:\/\/yoast.com\/wordpress\/plugins\/seo\/ -->\n<title>Superior em Teologia - Semin\u00e1rio Teol\u00f3gico Betel<\/title>\n<meta name=\"robots\" content=\"noindex, follow, max-snippet:-1, max-image-preview:large, max-video-preview:-1\" \/>\n<meta property=\"og:locale\" content=\"pt_BR\" \/>\n<meta property=\"og:type\" content=\"article\" \/>\n<meta property=\"og:title\" content=\"Superior em Teologia - Semin\u00e1rio Teol\u00f3gico Betel\" \/>\n<meta property=\"og:description\" content=\"[et_pb_section fb_built=&#8221;1&#8243; admin_label=&#8221;section&#8221; _builder_version=&#8221;3.29.3&#8243; use_background_color_gradient=&#8221;on&#8221; background_color_gradient_start=&#8221;#0a80aa&#8221; background_color_gradient_end=&#8221;#0d5084&#8243; background_color_gradient_direction=&#8221;245deg&#8221; background_color_gradient_start_position=&#8221;59%&#8221; global_module=&#8221;88&#8243; saved_tabs=&#8221;all&#8221; collapsed=&#8221;off&#8221; fb_built=&#8221;1&#8243; background_color_gradient_end__hover=&#8221;rgba(0,75,132,0.48)&#8221; use_background_color_gradient__hover=&#8221;on&#8221; _i=&#8221;0&#8243; _address=&#8221;0&#8243;][et_pb_row admin_label=&#8221;row&#8221; _builder_version=&#8221;3.29.3&#8243; background_size=&#8221;initial&#8221; background_position=&#8221;top_left&#8221; background_repeat=&#8221;repeat&#8221; _i=&#8221;0&#8243; _address=&#8221;0.0&#8243;][et_pb_column type=&#8221;4_4&#8243; _builder_version=&#8221;3.25&#8243; custom_padding=&#8221;|||&#8221; _i=&#8221;0&#8243; _address=&#8221;0.0.0&#8243; custom_padding__hover=&#8221;|||&#8221;][et_pb_post_title meta=&#8221;off&#8221; featured_image=&#8221;off&#8221; admin_label=&#8221;T\u00edtulo da Publica\u00e7\u00e3o&#8221; _builder_version=&#8221;3.29.3&#8243; title_font=&#8221;Amethysta||||||||&#8221; title_text_color=&#8221;#ffffff&#8221; title_font_size=&#8221;50px&#8221; _i=&#8221;0&#8243; _address=&#8221;0.0.0.0&#8243;][\/et_pb_post_title][\/et_pb_column][\/et_pb_row][\/et_pb_section][et_pb_section fb_built=&#8221;1&#8243; _builder_version=&#8221;3.23.3&#8243; custom_padding=&#8221;21px|||||&#8221; collapsed=&#8221;off&#8221; fb_built=&#8221;1&#8243; _i=&#8221;1&#8243; _address=&#8221;1&#8243;][et_pb_row _builder_version=&#8221;3.25&#8243; custom_padding=&#8221;15px|||||&#8221; _i=&#8221;0&#8243; _address=&#8221;1.0&#8243;][et_pb_column type=&#8221;4_4&#8243; _builder_version=&#8221;3.25&#8243; custom_padding=&#8221;|||&#8221; [&hellip;]\" \/>\n<meta property=\"og:url\" content=\"http:\/\/seminarioteologicobetel.com.br\/?page_id=188\" \/>\n<meta property=\"og:site_name\" content=\"Semin\u00e1rio Teol\u00f3gico Betel\" \/>\n<meta property=\"article:modified_time\" content=\"2025-05-29T13:09:45+00:00\" \/>\n<meta name=\"twitter:card\" content=\"summary_large_image\" \/>\n<meta name=\"twitter:label1\" content=\"Est. tempo de leitura\" \/>\n\t<meta name=\"twitter:data1\" content=\"4 minutos\" \/>\n<script type=\"application\/ld+json\" class=\"yoast-schema-graph\">{\"@context\":\"https:\/\/schema.org\",\"@graph\":[{\"@type\":\"WebPage\",\"@id\":\"http:\/\/seminarioteologicobetel.com.br\/?page_id=188\",\"url\":\"http:\/\/seminarioteologicobetel.com.br\/?page_id=188\",\"name\":\"Superior em Teologia - Semin\u00e1rio Teol\u00f3gico Betel\",\"isPartOf\":{\"@id\":\"http:\/\/seminarioteologicobetel.com.br\/#website\"},\"datePublished\":\"2019-06-10T08:59:29+00:00\",\"dateModified\":\"2025-05-29T13:09:45+00:00\",\"breadcrumb\":{\"@id\":\"http:\/\/seminarioteologicobetel.com.br\/?page_id=188#breadcrumb\"},\"inLanguage\":\"pt-BR\",\"potentialAction\":[{\"@type\":\"ReadAction\",\"target\":[\"http:\/\/seminarioteologicobetel.com.br\/?page_id=188\"]}]},{\"@type\":\"BreadcrumbList\",\"@id\":\"http:\/\/seminarioteologicobetel.com.br\/?page_id=188#breadcrumb\",\"itemListElement\":[{\"@type\":\"ListItem\",\"position\":1,\"name\":\"In\u00edcio\",\"item\":\"http:\/\/seminarioteologicobetel.com.br\/\"},{\"@type\":\"ListItem\",\"position\":2,\"name\":\"Superior em Teologia\"}]},{\"@type\":\"WebSite\",\"@id\":\"http:\/\/seminarioteologicobetel.com.br\/#website\",\"url\":\"http:\/\/seminarioteologicobetel.com.br\/\",\"name\":\"Semin\u00e1rio Teol\u00f3gico Betel\",\"description\":\"\",\"potentialAction\":[{\"@type\":\"SearchAction\",\"target\":{\"@type\":\"EntryPoint\",\"urlTemplate\":\"http:\/\/seminarioteologicobetel.com.br\/?s={search_term_string}\"},\"query-input\":{\"@type\":\"PropertyValueSpecification\",\"valueRequired\":true,\"valueName\":\"search_term_string\"}}],\"inLanguage\":\"pt-BR\"}]}<\/script>\n<!-- \/ Yoast SEO plugin. -->","yoast_head_json":{"title":"Superior em Teologia - Semin\u00e1rio Teol\u00f3gico Betel","robots":{"index":"noindex","follow":"follow","max-snippet":"max-snippet:-1","max-image-preview":"max-image-preview:large","max-video-preview":"max-video-preview:-1"},"og_locale":"pt_BR","og_type":"article","og_title":"Superior em Teologia - Semin\u00e1rio Teol\u00f3gico Betel","og_description":"[et_pb_section fb_built=&#8221;1&#8243; admin_label=&#8221;section&#8221; _builder_version=&#8221;3.29.3&#8243; use_background_color_gradient=&#8221;on&#8221; background_color_gradient_start=&#8221;#0a80aa&#8221; background_color_gradient_end=&#8221;#0d5084&#8243; background_color_gradient_direction=&#8221;245deg&#8221; background_color_gradient_start_position=&#8221;59%&#8221; global_module=&#8221;88&#8243; saved_tabs=&#8221;all&#8221; collapsed=&#8221;off&#8221; fb_built=&#8221;1&#8243; background_color_gradient_end__hover=&#8221;rgba(0,75,132,0.48)&#8221; use_background_color_gradient__hover=&#8221;on&#8221; _i=&#8221;0&#8243; _address=&#8221;0&#8243;][et_pb_row admin_label=&#8221;row&#8221; _builder_version=&#8221;3.29.3&#8243; background_size=&#8221;initial&#8221; background_position=&#8221;top_left&#8221; background_repeat=&#8221;repeat&#8221; _i=&#8221;0&#8243; _address=&#8221;0.0&#8243;][et_pb_column type=&#8221;4_4&#8243; _builder_version=&#8221;3.25&#8243; custom_padding=&#8221;|||&#8221; _i=&#8221;0&#8243; _address=&#8221;0.0.0&#8243; custom_padding__hover=&#8221;|||&#8221;][et_pb_post_title meta=&#8221;off&#8221; featured_image=&#8221;off&#8221; admin_label=&#8221;T\u00edtulo da Publica\u00e7\u00e3o&#8221; _builder_version=&#8221;3.29.3&#8243; title_font=&#8221;Amethysta||||||||&#8221; title_text_color=&#8221;#ffffff&#8221; title_font_size=&#8221;50px&#8221; _i=&#8221;0&#8243; _address=&#8221;0.0.0.0&#8243;][\/et_pb_post_title][\/et_pb_column][\/et_pb_row][\/et_pb_section][et_pb_section fb_built=&#8221;1&#8243; _builder_version=&#8221;3.23.3&#8243; custom_padding=&#8221;21px|||||&#8221; collapsed=&#8221;off&#8221; fb_built=&#8221;1&#8243; _i=&#8221;1&#8243; _address=&#8221;1&#8243;][et_pb_row _builder_version=&#8221;3.25&#8243; custom_padding=&#8221;15px|||||&#8221; _i=&#8221;0&#8243; _address=&#8221;1.0&#8243;][et_pb_column type=&#8221;4_4&#8243; _builder_version=&#8221;3.25&#8243; custom_padding=&#8221;|||&#8221; [&hellip;]","og_url":"http:\/\/seminarioteologicobetel.com.br\/?page_id=188","og_site_name":"Semin\u00e1rio Teol\u00f3gico Betel","article_modified_time":"2025-05-29T13:09:45+00:00","twitter_card":"summary_large_image","twitter_misc":{"Est. tempo de leitura":"4 minutos"},"schema":{"@context":"https:\/\/schema.org","@graph":[{"@type":"WebPage","@id":"http:\/\/seminarioteologicobetel.com.br\/?page_id=188","url":"http:\/\/seminarioteologicobetel.com.br\/?page_id=188","name":"Superior em Teologia - Semin\u00e1rio Teol\u00f3gico Betel","isPartOf":{"@id":"http:\/\/seminarioteologicobetel.com.br\/#website"},"datePublished":"2019-06-10T08:59:29+00:00","dateModified":"2025-05-29T13:09:45+00:00","breadcrumb":{"@id":"http:\/\/seminarioteologicobetel.com.br\/?page_id=188#breadcrumb"},"inLanguage":"pt-BR","potentialAction":[{"@type":"ReadAction","target":["http:\/\/seminarioteologicobetel.com.br\/?page_id=188"]}]},{"@type":"BreadcrumbList","@id":"http:\/\/seminarioteologicobetel.com.br\/?page_id=188#breadcrumb","itemListElement":[{"@type":"ListItem","position":1,"name":"In\u00edcio","item":"http:\/\/seminarioteologicobetel.com.br\/"},{"@type":"ListItem","position":2,"name":"Superior em Teologia"}]},{"@type":"WebSite","@id":"http:\/\/seminarioteologicobetel.com.br\/#website","url":"http:\/\/seminarioteologicobetel.com.br\/","name":"Semin\u00e1rio Teol\u00f3gico Betel","description":"","potentialAction":[{"@type":"SearchAction","target":{"@type":"EntryPoint","urlTemplate":"http:\/\/seminarioteologicobetel.com.br\/?s={search_term_string}"},"query-input":{"@type":"PropertyValueSpecification","valueRequired":true,"valueName":"search_term_string"}}],"inLanguage":"pt-BR"}]}},"_links":{"self":[{"href":"https:\/\/seminarioteologicobetel.com.br\/index.php?rest_route=\/wp\/v2\/pages\/188","targetHints":{"allow":["GET"]}}],"collection":[{"href":"https:\/\/seminarioteologicobetel.com.br\/index.php?rest_route=\/wp\/v2\/pages"}],"about":[{"href":"https:\/\/seminarioteologicobetel.com.br\/index.php?rest_route=\/wp\/v2\/types\/page"}],"author":[{"embeddable":true,"href":"https:\/\/seminarioteologicobetel.com.br\/index.php?rest_route=\/wp\/v2\/users\/1"}],"replies":[{"embeddable":true,"href":"https:\/\/seminarioteologicobetel.com.br\/index.php?rest_route=%2Fwp%2Fv2%2Fcomments&post=188"}],"version-history":[{"count":25,"href":"https:\/\/seminarioteologicobetel.com.br\/index.php?rest_route=\/wp\/v2\/pages\/188\/revisions"}],"predecessor-version":[{"id":713,"href":"https:\/\/seminarioteologicobetel.com.br\/index.php?rest_route=\/wp\/v2\/pages\/188\/revisions\/713"}],"wp:attachment":[{"href":"https:\/\/seminarioteologicobetel.com.br\/index.php?rest_route=%2Fwp%2Fv2%2Fmedia&parent=188"}],"curies":[{"name":"wp","href":"https:\/\/api.w.org\/{rel}","templated":true}]}}