{"id":180,"date":"2019-06-10T05:47:36","date_gmt":"2019-06-10T08:47:36","guid":{"rendered":"https:\/\/seminarioteologicobetel.com.br\/?page_id=180"},"modified":"2025-03-10T16:40:24","modified_gmt":"2025-03-10T19:40:24","slug":"nucleo-de-pos-estudos","status":"publish","type":"page","link":"https:\/\/seminarioteologicobetel.com.br\/?page_id=180","title":{"rendered":"Programa de P\u00f3s-Gradua\u00e7\u00e3o (Mestrado em Minist\u00e9rios)"},"content":{"rendered":"<p>[et_pb_section fb_built=&#8221;1&#8243; admin_label=&#8221;section&#8221; _builder_version=&#8221;3.29.3&#8243; use_background_color_gradient=&#8221;on&#8221; background_color_gradient_start=&#8221;#0a80aa&#8221; background_color_gradient_end=&#8221;#0d5084&#8243; background_color_gradient_direction=&#8221;245deg&#8221; background_color_gradient_start_position=&#8221;59%&#8221; global_module=&#8221;88&#8243; saved_tabs=&#8221;all&#8221; collapsed=&#8221;off&#8221; fb_built=&#8221;1&#8243; background_color_gradient_end__hover=&#8221;rgba(0,75,132,0.48)&#8221; use_background_color_gradient__hover=&#8221;on&#8221; _i=&#8221;0&#8243; _address=&#8221;0&#8243;][et_pb_row admin_label=&#8221;row&#8221; _builder_version=&#8221;3.29.3&#8243; background_size=&#8221;initial&#8221; background_position=&#8221;top_left&#8221; background_repeat=&#8221;repeat&#8221; _i=&#8221;0&#8243; _address=&#8221;0.0&#8243;][et_pb_column type=&#8221;4_4&#8243; _builder_version=&#8221;3.25&#8243; custom_padding=&#8221;|||&#8221; _i=&#8221;0&#8243; _address=&#8221;0.0.0&#8243; custom_padding__hover=&#8221;|||&#8221;][et_pb_post_title meta=&#8221;off&#8221; featured_image=&#8221;off&#8221; admin_label=&#8221;T\u00edtulo da Publica\u00e7\u00e3o&#8221; _builder_version=&#8221;3.29.3&#8243; title_font=&#8221;Amethysta||||||||&#8221; title_text_color=&#8221;#ffffff&#8221; title_font_size=&#8221;50px&#8221; _i=&#8221;0&#8243; _address=&#8221;0.0.0.0&#8243;][\/et_pb_post_title][\/et_pb_column][\/et_pb_row][\/et_pb_section][et_pb_section fb_built=&#8221;1&#8243; _builder_version=&#8221;3.23.3&#8243; custom_padding=&#8221;21px|||||&#8221; collapsed=&#8221;off&#8221; fb_built=&#8221;1&#8243; _i=&#8221;1&#8243; _address=&#8221;1&#8243;][et_pb_row _builder_version=&#8221;3.25&#8243; width=&#8221;79.3%&#8221; custom_padding=&#8221;15px|||||&#8221; _i=&#8221;0&#8243; _address=&#8221;1.0&#8243;][et_pb_column type=&#8221;4_4&#8243; _builder_version=&#8221;3.25&#8243; custom_padding=&#8221;|||&#8221; _i=&#8221;0&#8243; _address=&#8221;1.0.0&#8243; custom_padding__hover=&#8221;|||&#8221;][et_pb_text admin_label=&#8221;Texto&#8221; _builder_version=&#8221;3.29.3&#8243; custom_padding=&#8221;||0px|||&#8221; _i=&#8221;0&#8243; _address=&#8221;1.0.0.0&#8243;]<\/p>\n<p>&nbsp;<\/p>\n<p><span style=\"font-size: 14px;\">O Programa de Mestrado em Minist\u00e9rio do Semin\u00e1rio Teol\u00f3gico Betel consiste em plano de treinamento avan\u00e7ado de capacita\u00e7\u00e3o de pessoas ativas e com o cora\u00e7\u00e3o disposto para o minist\u00e9rio, cujo prop\u00f3sito \u00e9 atuar de forma competente nos setores ministeriais de apoio \u00e0 igreja local.<\/span><span class=\"Apple-converted-space\" style=\"font-size: 14px;\">\u00a0<\/span><\/p>\n<p>&nbsp;<\/p>\n<p><span style=\"font-size: 14px;\">Por isso, no programa de mestrado do Semin\u00e1rio Teol\u00f3gico Betel, a \u00eanfase \u00e9 dada \u00e0 reflex\u00e3o em grupo e \u00e0 aplica\u00e7\u00e3o dos conceitos \u00e0 realidade ministerial, levando-se em conta o perfil e as \u00e1reas de interesse dos alunos, nos setores ministeriais da igreja local.<\/span><span class=\"Apple-converted-space\" style=\"font-size: 14px;\">\u00a0<\/span><\/p>\n<p>&nbsp;<\/p>\n<p>Assim, os desdobramentos da miss\u00e3o da Igreja em pleno alinhamento com a <i>Missio Dei <\/i>\u00e9 a ambi\u00eancia desse programa de mestrado, facilitando aos participantes abordagens na \u00e1rea de minist\u00e9rios da igreja local e minist\u00e9rios urbanos.<span class=\"Apple-converted-space\">\u00a0<\/span><\/p>\n<p>&nbsp;<\/p>\n<p>Por isso e para manter fidedignidade aos preceitos b\u00edblicos, o Programas de Mestrado do Semin\u00e1rio Teol\u00f3gico Betel possui reconhecimento de natureza <i>intra corpus<\/i>, n\u00e3o sendo submetidos \u00e0 avalia\u00e7\u00e3o da Coordena\u00e7\u00e3o de Aperfei\u00e7oamento de Pessoal de N\u00edvel Superior (CAPES) ou ao credenciamento do Minist\u00e9rio da Educa\u00e7\u00e3o (MEC).<\/p>\n<p>O <strong>PROGRAMA DE MESTRADO EM MINIST\u00c9RIO<\/strong> de forma modularizada, com m\u00f3dulos constitu\u00eddos de aulas expositivas presenciais ou por plataforma digital, leituras orientadas, f\u00f3runs, confer\u00eancias teol\u00f3gicas, e trabalhos de conclus\u00e3o de m\u00f3dulo.<\/p>\n<p>As disciplinas desses m\u00f3dulos do <strong>PROGRAMA DE MESTRADO EM MINIST\u00c9RIO<\/strong>\u00a0que s\u00e3o ministradas no primeiro ano por professores especialistas (doutores e mestres) s\u00e3o as seguintes:<\/p>\n<p>[\/et_pb_text][et_pb_accordion _builder_version=&#8221;3.29.3&#8243; locked=&#8221;off&#8221; _i=&#8221;1&#8243; _address=&#8221;1.0.0.1&#8243;][et_pb_accordion_item title=&#8221;1\u00b0 Ano&#8221; open=&#8221;on&#8221; _builder_version=&#8221;3.29.3&#8243; body_line_height=&#8221;1.3em&#8221; _i=&#8221;0&#8243; _address=&#8221;1.0.0.1.0&#8243;]<\/p>\n<p>Filosofia de minist\u00e9rio: da constru\u00e7\u00e3o \u00e0 aplica\u00e7\u00e3o<\/p>\n<p>Cuidando do ser: minist\u00e9rio pastoral e sa\u00fade integral<\/p>\n<p>T\u00f3picos em Epistemologia<\/p>\n<p>Minist\u00e9rios e processos: das compet\u00eancias ao exerc\u00edcio ministerial<\/p>\n<p>T\u00f3picos especiais em Minist\u00e9rio Pastoral<\/p>\n<p>Teologia e saberes: temas relevantes no debate atual<\/p>\n<p>T\u00f3picos especiais em Prega\u00e7\u00e3o e Minist\u00e9rio (Planta\u00e7\u00e3o, Crescimento e Revitaliza\u00e7\u00e3o B\u00edblica de Igrejas)<\/p>\n<p>Ferramentas de interpreta\u00e7\u00e3o e vers\u00f5es b\u00edblicas contempor\u00e2neas (Prega\u00e7\u00e3o Expositiva Cristoc\u00eantrica)<\/p>\n<p>Minist\u00e9rios, capelanias e gest\u00e3o de equipes<\/p>\n<p>[\/et_pb_accordion_item][\/et_pb_accordion][et_pb_text admin_label=&#8221;Texto&#8221; _builder_version=&#8221;3.29.3&#8243; custom_padding=&#8221;||0px|||&#8221; _i=&#8221;2&#8243; _address=&#8221;1.0.0.2&#8243;]<\/p>\n<p>Al\u00e9m dessas disciplinas, o <strong>PROGRAMA DE MESTRADO EM MINIST\u00c9RIO<\/strong> proporciona ao aluno do segundo ano as seguintes atividades acad\u00eamicas:<\/p>\n<p>[\/et_pb_text][et_pb_accordion _builder_version=&#8221;3.29.3&#8243; locked=&#8221;off&#8221; _i=&#8221;3&#8243; _address=&#8221;1.0.0.3&#8243;][et_pb_accordion_item title=&#8221;2\u00b0 Ano&#8221; open=&#8221;on&#8221; _builder_version=&#8221;3.29.3&#8243; body_line_height=&#8221;1.3em&#8221; _i=&#8221;0&#8243; _address=&#8221;1.0.0.3.0&#8243;]<\/p>\n<p>Semin\u00e1rio de Projeto de Pesquisa Cient\u00edfica<\/p>\n<p>Entrega de Atividades Complementares<\/p>\n<p>Exame de Qualifica\u00e7\u00e3o da Pesquisa Cient\u00edfica<\/p>\n<p>Defesa de Disserta\u00e7\u00e3o<\/p>\n<p>[\/et_pb_accordion_item][\/et_pb_accordion][et_pb_text admin_label=&#8221;Texto&#8221; _builder_version=&#8221;3.29.3&#8243; custom_padding=&#8221;||22px|||&#8221; _i=&#8221;4&#8243; _address=&#8221;1.0.0.4&#8243;]<\/p>\n<p>Portanto, s\u00e3o oferecidas para o <strong>PROGRAMA DE MESTRADO EM MINIST\u00c9RIO<\/strong>, no m\u00ednimo, 9 disciplinas por ano, de forma intensiva, contabilizando 270 horas de aulas presenciais e 18 cr\u00e9ditos, sendo cada cr\u00e9dito correspondentes a 15 horas\/aula.<\/p>\n<p>Para o primeiro ano de pesquisa do <strong>PROGRAMA DE MESTRADO EM MINIST\u00c9RIO<\/strong>, s\u00e3o propostas aulas quinzenais (1\u00bas e 3\u00bas s\u00e1bados) com estudos diversos e trabalhos de pesquisa, aos s\u00e1bados, de 8h \u00e0s 16h30min, sendo o primeiro encontro pessoal com o docente e a segunda aula por plataforma digital online.<\/p>\n<p>Observe, portanto, que o aluno de primeiro ano do <strong>PROGRAMA DE MESTRADO EM MINIST\u00c9RIO<\/strong>\u00a0cursar\u00e1 as disciplinas ou m\u00f3dulos, enquanto o mestrando do segundo ano se dedicar\u00e1 \u00e0 produ\u00e7\u00e3o da pesquisa cient\u00edfica.<\/p>\n<p>O prazo padr\u00e3o para a integraliza\u00e7\u00e3o do <strong>PROGRAMA DE MESTRADO EM MINIST\u00c9RIO<\/strong>\u00a0\u00e9 de 2 anos letivos (24 meses), contados a partir da matr\u00edcula no Semin\u00e1rio Teol\u00f3gico Betel.<\/p>\n<p><span style=\"font-size: 14px;\">Ent\u00e3o, se voc\u00ea est\u00e1 procurando uma institui\u00e7\u00e3o de ensino superior de compet\u00eancia comprovada, que forne\u00e7a diploma acess\u00edvel que o treinar\u00e1 para se tornar ministro e servir melhor a Deus em sua igreja local, comunidade crist\u00e3 ou no campo mission\u00e1rio, o Semin\u00e1rio Teol\u00f3gico Betel tem o programa de mestrado certo para voc\u00ea.<\/span><\/p>\n<p>&nbsp;<\/p>\n<p><b>INFORMA\u00c7\u00d5ES<\/b><\/p>\n<p><strong>Semipresencial<em><\/em><\/strong><\/p>\n<p>1\u00ba sa\u0301bado de cada me\u0302s &#8211; <strong>Presencial<\/strong><br \/>3\u00ba sa\u0301bado de cada me\u0302s &#8211; <strong>Online sincronia\u00a0(ao\u00a0vivo)<\/strong><\/p>\n<p>Voc\u00ea pode fazer sua inscri\u00e7\u00e3o e informar-se na secretaria do Semin\u00e1rio Betel atrav\u00e9s do telefone (21) 96754-0421.<\/p>\n<p>&nbsp;<\/p>\n<p>[\/et_pb_text][et_pb_button button_url=&#8221;https:\/\/docs.google.com\/forms\/d\/e\/1FAIpQLSd3kwdtwx-WvNMs1jpK4n1yMpjulKjyWgBz8AHVoMrgDDXa_w\/viewform&#8221; url_new_window=&#8221;on&#8221; button_text=&#8221;Clique aqui para fazer a sua inscri\u00e7\u00e3o&#8221; _builder_version=&#8221;3.29.3&#8243; custom_button=&#8221;on&#8221; button_text_color=&#8221;#ffffff&#8221; button_bg_use_color_gradient=&#8221;on&#8221; button_bg_color_gradient_end=&#8221;#1e1c87&#8243; button_bg_color_gradient_direction=&#8221;203deg&#8221; button_font=&#8221;|700||on|||||&#8221; button_icon=&#8221;%%209%%&#8221; _i=&#8221;5&#8243; _address=&#8221;1.0.0.5&#8243;][\/et_pb_button][\/et_pb_column][\/et_pb_row][\/et_pb_section]<\/p>\n","protected":false},"excerpt":{"rendered":"<p>[et_pb_section fb_built=&#8221;1&#8243; admin_label=&#8221;section&#8221; _builder_version=&#8221;3.29.3&#8243; use_background_color_gradient=&#8221;on&#8221; background_color_gradient_start=&#8221;#0a80aa&#8221; background_color_gradient_end=&#8221;#0d5084&#8243; background_color_gradient_direction=&#8221;245deg&#8221; background_color_gradient_start_position=&#8221;59%&#8221; global_module=&#8221;88&#8243; saved_tabs=&#8221;all&#8221; collapsed=&#8221;off&#8221; fb_built=&#8221;1&#8243; background_color_gradient_end__hover=&#8221;rgba(0,75,132,0.48)&#8221; use_background_color_gradient__hover=&#8221;on&#8221; _i=&#8221;0&#8243; _address=&#8221;0&#8243;][et_pb_row admin_label=&#8221;row&#8221; _builder_version=&#8221;3.29.3&#8243; background_size=&#8221;initial&#8221; background_position=&#8221;top_left&#8221; background_repeat=&#8221;repeat&#8221; _i=&#8221;0&#8243; _address=&#8221;0.0&#8243;][et_pb_column type=&#8221;4_4&#8243; _builder_version=&#8221;3.25&#8243; custom_padding=&#8221;|||&#8221; _i=&#8221;0&#8243; _address=&#8221;0.0.0&#8243; custom_padding__hover=&#8221;|||&#8221;][et_pb_post_title meta=&#8221;off&#8221; featured_image=&#8221;off&#8221; admin_label=&#8221;T\u00edtulo da Publica\u00e7\u00e3o&#8221; _builder_version=&#8221;3.29.3&#8243; title_font=&#8221;Amethysta||||||||&#8221; title_text_color=&#8221;#ffffff&#8221; title_font_size=&#8221;50px&#8221; _i=&#8221;0&#8243; _address=&#8221;0.0.0.0&#8243;][\/et_pb_post_title][\/et_pb_column][\/et_pb_row][\/et_pb_section][et_pb_section fb_built=&#8221;1&#8243; _builder_version=&#8221;3.23.3&#8243; custom_padding=&#8221;21px|||||&#8221; collapsed=&#8221;off&#8221; fb_built=&#8221;1&#8243; _i=&#8221;1&#8243; _address=&#8221;1&#8243;][et_pb_row _builder_version=&#8221;3.25&#8243; width=&#8221;79.3%&#8221; custom_padding=&#8221;15px|||||&#8221; _i=&#8221;0&#8243; _address=&#8221;1.0&#8243;][et_pb_column type=&#8221;4_4&#8243; _builder_version=&#8221;3.25&#8243; [&hellip;]<\/p>\n","protected":false},"author":1,"featured_media":0,"parent":0,"menu_order":0,"comment_status":"closed","ping_status":"closed","template":"","meta":{"_et_pb_use_builder":"on","_et_pb_old_content":"","footnotes":""},"class_list":["post-180","page","type-page","status-publish","hentry"],"yoast_head":"<!-- This site is optimized with the Yoast SEO plugin v26.7 - https:\/\/yoast.com\/wordpress\/plugins\/seo\/ -->\n<title>Programa de P\u00f3s-Gradua\u00e7\u00e3o (Mestrado em Minist\u00e9rios) - Semin\u00e1rio Teol\u00f3gico Betel<\/title>\n<meta name=\"robots\" content=\"noindex, follow, max-snippet:-1, max-image-preview:large, max-video-preview:-1\" \/>\n<meta property=\"og:locale\" content=\"pt_BR\" \/>\n<meta property=\"og:type\" content=\"article\" \/>\n<meta property=\"og:title\" content=\"Programa de P\u00f3s-Gradua\u00e7\u00e3o (Mestrado em Minist\u00e9rios) - Semin\u00e1rio Teol\u00f3gico Betel\" \/>\n<meta property=\"og:description\" content=\"[et_pb_section fb_built=&#8221;1&#8243; admin_label=&#8221;section&#8221; _builder_version=&#8221;3.29.3&#8243; use_background_color_gradient=&#8221;on&#8221; background_color_gradient_start=&#8221;#0a80aa&#8221; background_color_gradient_end=&#8221;#0d5084&#8243; background_color_gradient_direction=&#8221;245deg&#8221; background_color_gradient_start_position=&#8221;59%&#8221; global_module=&#8221;88&#8243; saved_tabs=&#8221;all&#8221; collapsed=&#8221;off&#8221; fb_built=&#8221;1&#8243; background_color_gradient_end__hover=&#8221;rgba(0,75,132,0.48)&#8221; use_background_color_gradient__hover=&#8221;on&#8221; _i=&#8221;0&#8243; _address=&#8221;0&#8243;][et_pb_row admin_label=&#8221;row&#8221; _builder_version=&#8221;3.29.3&#8243; background_size=&#8221;initial&#8221; background_position=&#8221;top_left&#8221; background_repeat=&#8221;repeat&#8221; _i=&#8221;0&#8243; _address=&#8221;0.0&#8243;][et_pb_column type=&#8221;4_4&#8243; _builder_version=&#8221;3.25&#8243; custom_padding=&#8221;|||&#8221; _i=&#8221;0&#8243; _address=&#8221;0.0.0&#8243; custom_padding__hover=&#8221;|||&#8221;][et_pb_post_title meta=&#8221;off&#8221; featured_image=&#8221;off&#8221; admin_label=&#8221;T\u00edtulo da Publica\u00e7\u00e3o&#8221; _builder_version=&#8221;3.29.3&#8243; title_font=&#8221;Amethysta||||||||&#8221; title_text_color=&#8221;#ffffff&#8221; title_font_size=&#8221;50px&#8221; _i=&#8221;0&#8243; _address=&#8221;0.0.0.0&#8243;][\/et_pb_post_title][\/et_pb_column][\/et_pb_row][\/et_pb_section][et_pb_section fb_built=&#8221;1&#8243; _builder_version=&#8221;3.23.3&#8243; custom_padding=&#8221;21px|||||&#8221; collapsed=&#8221;off&#8221; fb_built=&#8221;1&#8243; _i=&#8221;1&#8243; _address=&#8221;1&#8243;][et_pb_row _builder_version=&#8221;3.25&#8243; width=&#8221;79.3%&#8221; custom_padding=&#8221;15px|||||&#8221; _i=&#8221;0&#8243; _address=&#8221;1.0&#8243;][et_pb_column type=&#8221;4_4&#8243; _builder_version=&#8221;3.25&#8243; [&hellip;]\" \/>\n<meta property=\"og:url\" content=\"https:\/\/seminarioteologicobetel.com.br\/?page_id=180\" \/>\n<meta property=\"og:site_name\" content=\"Semin\u00e1rio Teol\u00f3gico Betel\" \/>\n<meta property=\"article:modified_time\" content=\"2025-03-10T19:40:24+00:00\" \/>\n<meta name=\"twitter:card\" content=\"summary_large_image\" \/>\n<meta name=\"twitter:label1\" content=\"Est. tempo de leitura\" \/>\n\t<meta name=\"twitter:data1\" content=\"4 minutos\" \/>\n<script type=\"application\/ld+json\" class=\"yoast-schema-graph\">{\"@context\":\"https:\/\/schema.org\",\"@graph\":[{\"@type\":\"WebPage\",\"@id\":\"https:\/\/seminarioteologicobetel.com.br\/?page_id=180\",\"url\":\"https:\/\/seminarioteologicobetel.com.br\/?page_id=180\",\"name\":\"Programa de P\u00f3s-Gradua\u00e7\u00e3o (Mestrado em Minist\u00e9rios) - Semin\u00e1rio Teol\u00f3gico Betel\",\"isPartOf\":{\"@id\":\"http:\/\/seminarioteologicobetel.com.br\/#website\"},\"datePublished\":\"2019-06-10T08:47:36+00:00\",\"dateModified\":\"2025-03-10T19:40:24+00:00\",\"breadcrumb\":{\"@id\":\"https:\/\/seminarioteologicobetel.com.br\/?page_id=180#breadcrumb\"},\"inLanguage\":\"pt-BR\",\"potentialAction\":[{\"@type\":\"ReadAction\",\"target\":[\"https:\/\/seminarioteologicobetel.com.br\/?page_id=180\"]}]},{\"@type\":\"BreadcrumbList\",\"@id\":\"https:\/\/seminarioteologicobetel.com.br\/?page_id=180#breadcrumb\",\"itemListElement\":[{\"@type\":\"ListItem\",\"position\":1,\"name\":\"In\u00edcio\",\"item\":\"http:\/\/seminarioteologicobetel.com.br\/\"},{\"@type\":\"ListItem\",\"position\":2,\"name\":\"Programa de P\u00f3s-Gradua\u00e7\u00e3o (Mestrado em Minist\u00e9rios)\"}]},{\"@type\":\"WebSite\",\"@id\":\"http:\/\/seminarioteologicobetel.com.br\/#website\",\"url\":\"http:\/\/seminarioteologicobetel.com.br\/\",\"name\":\"Semin\u00e1rio Teol\u00f3gico Betel\",\"description\":\"\",\"potentialAction\":[{\"@type\":\"SearchAction\",\"target\":{\"@type\":\"EntryPoint\",\"urlTemplate\":\"http:\/\/seminarioteologicobetel.com.br\/?s={search_term_string}\"},\"query-input\":{\"@type\":\"PropertyValueSpecification\",\"valueRequired\":true,\"valueName\":\"search_term_string\"}}],\"inLanguage\":\"pt-BR\"}]}<\/script>\n<!-- \/ Yoast SEO plugin. -->","yoast_head_json":{"title":"Programa de P\u00f3s-Gradua\u00e7\u00e3o (Mestrado em Minist\u00e9rios) - Semin\u00e1rio Teol\u00f3gico Betel","robots":{"index":"noindex","follow":"follow","max-snippet":"max-snippet:-1","max-image-preview":"max-image-preview:large","max-video-preview":"max-video-preview:-1"},"og_locale":"pt_BR","og_type":"article","og_title":"Programa de P\u00f3s-Gradua\u00e7\u00e3o (Mestrado em Minist\u00e9rios) - Semin\u00e1rio Teol\u00f3gico Betel","og_description":"[et_pb_section fb_built=&#8221;1&#8243; admin_label=&#8221;section&#8221; _builder_version=&#8221;3.29.3&#8243; use_background_color_gradient=&#8221;on&#8221; background_color_gradient_start=&#8221;#0a80aa&#8221; background_color_gradient_end=&#8221;#0d5084&#8243; background_color_gradient_direction=&#8221;245deg&#8221; background_color_gradient_start_position=&#8221;59%&#8221; global_module=&#8221;88&#8243; saved_tabs=&#8221;all&#8221; collapsed=&#8221;off&#8221; fb_built=&#8221;1&#8243; background_color_gradient_end__hover=&#8221;rgba(0,75,132,0.48)&#8221; use_background_color_gradient__hover=&#8221;on&#8221; _i=&#8221;0&#8243; _address=&#8221;0&#8243;][et_pb_row admin_label=&#8221;row&#8221; _builder_version=&#8221;3.29.3&#8243; background_size=&#8221;initial&#8221; background_position=&#8221;top_left&#8221; background_repeat=&#8221;repeat&#8221; _i=&#8221;0&#8243; _address=&#8221;0.0&#8243;][et_pb_column type=&#8221;4_4&#8243; _builder_version=&#8221;3.25&#8243; custom_padding=&#8221;|||&#8221; _i=&#8221;0&#8243; _address=&#8221;0.0.0&#8243; custom_padding__hover=&#8221;|||&#8221;][et_pb_post_title meta=&#8221;off&#8221; featured_image=&#8221;off&#8221; admin_label=&#8221;T\u00edtulo da Publica\u00e7\u00e3o&#8221; _builder_version=&#8221;3.29.3&#8243; title_font=&#8221;Amethysta||||||||&#8221; title_text_color=&#8221;#ffffff&#8221; title_font_size=&#8221;50px&#8221; _i=&#8221;0&#8243; _address=&#8221;0.0.0.0&#8243;][\/et_pb_post_title][\/et_pb_column][\/et_pb_row][\/et_pb_section][et_pb_section fb_built=&#8221;1&#8243; _builder_version=&#8221;3.23.3&#8243; custom_padding=&#8221;21px|||||&#8221; collapsed=&#8221;off&#8221; fb_built=&#8221;1&#8243; _i=&#8221;1&#8243; _address=&#8221;1&#8243;][et_pb_row _builder_version=&#8221;3.25&#8243; width=&#8221;79.3%&#8221; custom_padding=&#8221;15px|||||&#8221; _i=&#8221;0&#8243; _address=&#8221;1.0&#8243;][et_pb_column type=&#8221;4_4&#8243; _builder_version=&#8221;3.25&#8243; [&hellip;]","og_url":"https:\/\/seminarioteologicobetel.com.br\/?page_id=180","og_site_name":"Semin\u00e1rio Teol\u00f3gico Betel","article_modified_time":"2025-03-10T19:40:24+00:00","twitter_card":"summary_large_image","twitter_misc":{"Est. tempo de leitura":"4 minutos"},"schema":{"@context":"https:\/\/schema.org","@graph":[{"@type":"WebPage","@id":"https:\/\/seminarioteologicobetel.com.br\/?page_id=180","url":"https:\/\/seminarioteologicobetel.com.br\/?page_id=180","name":"Programa de P\u00f3s-Gradua\u00e7\u00e3o (Mestrado em Minist\u00e9rios) - Semin\u00e1rio Teol\u00f3gico Betel","isPartOf":{"@id":"http:\/\/seminarioteologicobetel.com.br\/#website"},"datePublished":"2019-06-10T08:47:36+00:00","dateModified":"2025-03-10T19:40:24+00:00","breadcrumb":{"@id":"https:\/\/seminarioteologicobetel.com.br\/?page_id=180#breadcrumb"},"inLanguage":"pt-BR","potentialAction":[{"@type":"ReadAction","target":["https:\/\/seminarioteologicobetel.com.br\/?page_id=180"]}]},{"@type":"BreadcrumbList","@id":"https:\/\/seminarioteologicobetel.com.br\/?page_id=180#breadcrumb","itemListElement":[{"@type":"ListItem","position":1,"name":"In\u00edcio","item":"http:\/\/seminarioteologicobetel.com.br\/"},{"@type":"ListItem","position":2,"name":"Programa de P\u00f3s-Gradua\u00e7\u00e3o (Mestrado em Minist\u00e9rios)"}]},{"@type":"WebSite","@id":"http:\/\/seminarioteologicobetel.com.br\/#website","url":"http:\/\/seminarioteologicobetel.com.br\/","name":"Semin\u00e1rio Teol\u00f3gico Betel","description":"","potentialAction":[{"@type":"SearchAction","target":{"@type":"EntryPoint","urlTemplate":"http:\/\/seminarioteologicobetel.com.br\/?s={search_term_string}"},"query-input":{"@type":"PropertyValueSpecification","valueRequired":true,"valueName":"search_term_string"}}],"inLanguage":"pt-BR"}]}},"_links":{"self":[{"href":"https:\/\/seminarioteologicobetel.com.br\/index.php?rest_route=\/wp\/v2\/pages\/180","targetHints":{"allow":["GET"]}}],"collection":[{"href":"https:\/\/seminarioteologicobetel.com.br\/index.php?rest_route=\/wp\/v2\/pages"}],"about":[{"href":"https:\/\/seminarioteologicobetel.com.br\/index.php?rest_route=\/wp\/v2\/types\/page"}],"author":[{"embeddable":true,"href":"https:\/\/seminarioteologicobetel.com.br\/index.php?rest_route=\/wp\/v2\/users\/1"}],"replies":[{"embeddable":true,"href":"https:\/\/seminarioteologicobetel.com.br\/index.php?rest_route=%2Fwp%2Fv2%2Fcomments&post=180"}],"version-history":[{"count":39,"href":"https:\/\/seminarioteologicobetel.com.br\/index.php?rest_route=\/wp\/v2\/pages\/180\/revisions"}],"predecessor-version":[{"id":635,"href":"https:\/\/seminarioteologicobetel.com.br\/index.php?rest_route=\/wp\/v2\/pages\/180\/revisions\/635"}],"wp:attachment":[{"href":"https:\/\/seminarioteologicobetel.com.br\/index.php?rest_route=%2Fwp%2Fv2%2Fmedia&parent=180"}],"curies":[{"name":"wp","href":"https:\/\/api.w.org\/{rel}","templated":true}]}}