{"id":118,"date":"2019-06-10T01:51:10","date_gmt":"2019-06-10T04:51:10","guid":{"rendered":"https:\/\/seminarioteologicobetel.com.br\/?page_id=118"},"modified":"2024-08-23T14:58:34","modified_gmt":"2024-08-23T17:58:34","slug":"administracao-e-equipe","status":"publish","type":"page","link":"https:\/\/seminarioteologicobetel.com.br\/?page_id=118","title":{"rendered":"Administra\u00e7\u00e3o e Equipe"},"content":{"rendered":"<p>[et_pb_section fb_built=&#8221;1&#8243; admin_label=&#8221;section&#8221; _builder_version=&#8221;3.23.3&#8243; use_background_color_gradient=&#8221;on&#8221; background_color_gradient_start=&#8221;#0a80aa&#8221; background_color_gradient_end=&#8221;#0d5084&#8243; background_color_gradient_direction=&#8221;245deg&#8221; background_color_gradient_start_position=&#8221;59%&#8221; global_module=&#8221;88&#8243; saved_tabs=&#8221;all&#8221; fb_built=&#8221;1&#8243; background_color_gradient_end__hover=&#8221;rgba(0,75,132,0.48)&#8221; use_background_color_gradient__hover=&#8221;on&#8221; _i=&#8221;0&#8243; _address=&#8221;0&#8243;][et_pb_row admin_label=&#8221;row&#8221; _builder_version=&#8221;3.25&#8243; background_size=&#8221;initial&#8221; background_position=&#8221;top_left&#8221; background_repeat=&#8221;repeat&#8221; _i=&#8221;0&#8243; _address=&#8221;0.0&#8243;][et_pb_column type=&#8221;4_4&#8243; _builder_version=&#8221;3.25&#8243; custom_padding=&#8221;|||&#8221; _i=&#8221;0&#8243; _address=&#8221;0.0.0&#8243; custom_padding__hover=&#8221;|||&#8221;][et_pb_post_title meta=&#8221;off&#8221; featured_image=&#8221;off&#8221; _builder_version=&#8221;3.23.3&#8243; title_font=&#8221;Amethysta||||||||&#8221; title_text_color=&#8221;#ffffff&#8221; title_font_size=&#8221;50px&#8221; _i=&#8221;0&#8243; _address=&#8221;0.0.0.0&#8243;][\/et_pb_post_title][\/et_pb_column][\/et_pb_row][\/et_pb_section][et_pb_section fb_built=&#8221;1&#8243; _builder_version=&#8221;3.23.3&#8243; custom_padding=&#8221;21px|||||&#8221; fb_built=&#8221;1&#8243; _i=&#8221;1&#8243; _address=&#8221;1&#8243;][et_pb_row _builder_version=&#8221;3.25&#8243; custom_padding=&#8221;15px|||||&#8221; _i=&#8221;0&#8243; _address=&#8221;1.0&#8243;][et_pb_column type=&#8221;4_4&#8243; _builder_version=&#8221;3.25&#8243; custom_padding=&#8221;|||&#8221; _i=&#8221;0&#8243; _address=&#8221;1.0.0&#8243; custom_padding__hover=&#8221;|||&#8221;][et_pb_text _builder_version=&#8221;3.29.3&#8243; hover_enabled=&#8221;0&#8243; _i=&#8221;0&#8243; _address=&#8221;1.0.0.0&#8243; admin_label=&#8221;Texto&#8221;]<\/p>\n<p><strong>DIRETOR:<\/strong> <a href=\"https:\/\/seminarioteologicobetel.com.br\/pr-henrique\/\">Henrique Ribeiro de Ara\u00fajo<\/a><br \/><strong>SECRET\u00c1RIA:<\/strong> Daysi Rodrigues Miranda Pinto<br \/><strong>DE\u00c3O:<\/strong>\u00a0Gerson Luiz de Brito<\/p>\n<p><strong>COORDENADORES DE \u00c1REA:<\/strong><br \/><strong>Teologia, MIss\u00f5es e Educa\u00e7\u00e3o Crist\u00e3:<\/strong> Henrique Ribeiro de Ara\u00fajo<br \/><strong>P\u00f3s-estudos:<\/strong> Anderson Henrique dos Santos Alves<br \/><strong>Capel\u00e3o:<\/strong> Jorge Oleg\u00e1rio<br \/><strong>Tesoureiro:<\/strong> Francisco Jos\u00e9 de Souza e Sousa<br \/><strong>Secretaria:<\/strong> Fabiana Sim\u00e3o e equipe<\/p>\n<p>[\/et_pb_text][\/et_pb_column][\/et_pb_row][\/et_pb_section]<\/p>\n","protected":false},"excerpt":{"rendered":"<p>[et_pb_section fb_built=&#8221;1&#8243; admin_label=&#8221;section&#8221; _builder_version=&#8221;3.23.3&#8243; use_background_color_gradient=&#8221;on&#8221; background_color_gradient_start=&#8221;#0a80aa&#8221; background_color_gradient_end=&#8221;#0d5084&#8243; background_color_gradient_direction=&#8221;245deg&#8221; background_color_gradient_start_position=&#8221;59%&#8221; global_module=&#8221;88&#8243; saved_tabs=&#8221;all&#8221; fb_built=&#8221;1&#8243; background_color_gradient_end__hover=&#8221;rgba(0,75,132,0.48)&#8221; use_background_color_gradient__hover=&#8221;on&#8221; _i=&#8221;0&#8243; _address=&#8221;0&#8243;][et_pb_row admin_label=&#8221;row&#8221; _builder_version=&#8221;3.25&#8243; background_size=&#8221;initial&#8221; background_position=&#8221;top_left&#8221; background_repeat=&#8221;repeat&#8221; _i=&#8221;0&#8243; _address=&#8221;0.0&#8243;][et_pb_column type=&#8221;4_4&#8243; _builder_version=&#8221;3.25&#8243; custom_padding=&#8221;|||&#8221; _i=&#8221;0&#8243; _address=&#8221;0.0.0&#8243; custom_padding__hover=&#8221;|||&#8221;][et_pb_post_title meta=&#8221;off&#8221; featured_image=&#8221;off&#8221; _builder_version=&#8221;3.23.3&#8243; title_font=&#8221;Amethysta||||||||&#8221; title_text_color=&#8221;#ffffff&#8221; title_font_size=&#8221;50px&#8221; _i=&#8221;0&#8243; _address=&#8221;0.0.0.0&#8243;][\/et_pb_post_title][\/et_pb_column][\/et_pb_row][\/et_pb_section][et_pb_section fb_built=&#8221;1&#8243; _builder_version=&#8221;3.23.3&#8243; custom_padding=&#8221;21px|||||&#8221; fb_built=&#8221;1&#8243; _i=&#8221;1&#8243; _address=&#8221;1&#8243;][et_pb_row _builder_version=&#8221;3.25&#8243; custom_padding=&#8221;15px|||||&#8221; _i=&#8221;0&#8243; _address=&#8221;1.0&#8243;][et_pb_column type=&#8221;4_4&#8243; _builder_version=&#8221;3.25&#8243; custom_padding=&#8221;|||&#8221; _i=&#8221;0&#8243; _address=&#8221;1.0.0&#8243; custom_padding__hover=&#8221;|||&#8221;][et_pb_text _builder_version=&#8221;3.29.3&#8243; hover_enabled=&#8221;0&#8243; [&hellip;]<\/p>\n","protected":false},"author":1,"featured_media":0,"parent":0,"menu_order":0,"comment_status":"closed","ping_status":"closed","template":"","meta":{"_et_pb_use_builder":"on","_et_pb_old_content":"","footnotes":""},"class_list":["post-118","page","type-page","status-publish","hentry"],"yoast_head":"<!-- This site is optimized with the Yoast SEO plugin v26.7 - https:\/\/yoast.com\/wordpress\/plugins\/seo\/ -->\n<title>Administra\u00e7\u00e3o e Equipe - Semin\u00e1rio Teol\u00f3gico Betel<\/title>\n<meta name=\"robots\" content=\"noindex, follow, max-snippet:-1, max-image-preview:large, max-video-preview:-1\" \/>\n<meta property=\"og:locale\" content=\"pt_BR\" \/>\n<meta property=\"og:type\" content=\"article\" \/>\n<meta property=\"og:title\" content=\"Administra\u00e7\u00e3o e Equipe - Semin\u00e1rio Teol\u00f3gico Betel\" \/>\n<meta property=\"og:description\" content=\"[et_pb_section fb_built=&#8221;1&#8243; admin_label=&#8221;section&#8221; _builder_version=&#8221;3.23.3&#8243; use_background_color_gradient=&#8221;on&#8221; background_color_gradient_start=&#8221;#0a80aa&#8221; background_color_gradient_end=&#8221;#0d5084&#8243; background_color_gradient_direction=&#8221;245deg&#8221; background_color_gradient_start_position=&#8221;59%&#8221; global_module=&#8221;88&#8243; saved_tabs=&#8221;all&#8221; fb_built=&#8221;1&#8243; background_color_gradient_end__hover=&#8221;rgba(0,75,132,0.48)&#8221; use_background_color_gradient__hover=&#8221;on&#8221; _i=&#8221;0&#8243; _address=&#8221;0&#8243;][et_pb_row admin_label=&#8221;row&#8221; _builder_version=&#8221;3.25&#8243; background_size=&#8221;initial&#8221; background_position=&#8221;top_left&#8221; background_repeat=&#8221;repeat&#8221; _i=&#8221;0&#8243; _address=&#8221;0.0&#8243;][et_pb_column type=&#8221;4_4&#8243; _builder_version=&#8221;3.25&#8243; custom_padding=&#8221;|||&#8221; _i=&#8221;0&#8243; _address=&#8221;0.0.0&#8243; custom_padding__hover=&#8221;|||&#8221;][et_pb_post_title meta=&#8221;off&#8221; featured_image=&#8221;off&#8221; _builder_version=&#8221;3.23.3&#8243; title_font=&#8221;Amethysta||||||||&#8221; title_text_color=&#8221;#ffffff&#8221; title_font_size=&#8221;50px&#8221; _i=&#8221;0&#8243; _address=&#8221;0.0.0.0&#8243;][\/et_pb_post_title][\/et_pb_column][\/et_pb_row][\/et_pb_section][et_pb_section fb_built=&#8221;1&#8243; _builder_version=&#8221;3.23.3&#8243; custom_padding=&#8221;21px|||||&#8221; fb_built=&#8221;1&#8243; _i=&#8221;1&#8243; _address=&#8221;1&#8243;][et_pb_row _builder_version=&#8221;3.25&#8243; custom_padding=&#8221;15px|||||&#8221; _i=&#8221;0&#8243; _address=&#8221;1.0&#8243;][et_pb_column type=&#8221;4_4&#8243; _builder_version=&#8221;3.25&#8243; custom_padding=&#8221;|||&#8221; _i=&#8221;0&#8243; _address=&#8221;1.0.0&#8243; custom_padding__hover=&#8221;|||&#8221;][et_pb_text _builder_version=&#8221;3.29.3&#8243; hover_enabled=&#8221;0&#8243; [&hellip;]\" \/>\n<meta property=\"og:url\" content=\"https:\/\/seminarioteologicobetel.com.br\/?page_id=118\" \/>\n<meta property=\"og:site_name\" content=\"Semin\u00e1rio Teol\u00f3gico Betel\" \/>\n<meta property=\"article:modified_time\" content=\"2024-08-23T17:58:34+00:00\" \/>\n<meta name=\"twitter:card\" content=\"summary_large_image\" \/>\n<meta name=\"twitter:label1\" content=\"Est. tempo de leitura\" \/>\n\t<meta name=\"twitter:data1\" content=\"1 minuto\" \/>\n<script type=\"application\/ld+json\" class=\"yoast-schema-graph\">{\"@context\":\"https:\/\/schema.org\",\"@graph\":[{\"@type\":\"WebPage\",\"@id\":\"https:\/\/seminarioteologicobetel.com.br\/?page_id=118\",\"url\":\"https:\/\/seminarioteologicobetel.com.br\/?page_id=118\",\"name\":\"Administra\u00e7\u00e3o e Equipe - Semin\u00e1rio Teol\u00f3gico Betel\",\"isPartOf\":{\"@id\":\"http:\/\/seminarioteologicobetel.com.br\/#website\"},\"datePublished\":\"2019-06-10T04:51:10+00:00\",\"dateModified\":\"2024-08-23T17:58:34+00:00\",\"breadcrumb\":{\"@id\":\"https:\/\/seminarioteologicobetel.com.br\/?page_id=118#breadcrumb\"},\"inLanguage\":\"pt-BR\",\"potentialAction\":[{\"@type\":\"ReadAction\",\"target\":[\"https:\/\/seminarioteologicobetel.com.br\/?page_id=118\"]}]},{\"@type\":\"BreadcrumbList\",\"@id\":\"https:\/\/seminarioteologicobetel.com.br\/?page_id=118#breadcrumb\",\"itemListElement\":[{\"@type\":\"ListItem\",\"position\":1,\"name\":\"In\u00edcio\",\"item\":\"http:\/\/seminarioteologicobetel.com.br\/\"},{\"@type\":\"ListItem\",\"position\":2,\"name\":\"Administra\u00e7\u00e3o e Equipe\"}]},{\"@type\":\"WebSite\",\"@id\":\"http:\/\/seminarioteologicobetel.com.br\/#website\",\"url\":\"http:\/\/seminarioteologicobetel.com.br\/\",\"name\":\"Semin\u00e1rio Teol\u00f3gico Betel\",\"description\":\"\",\"potentialAction\":[{\"@type\":\"SearchAction\",\"target\":{\"@type\":\"EntryPoint\",\"urlTemplate\":\"http:\/\/seminarioteologicobetel.com.br\/?s={search_term_string}\"},\"query-input\":{\"@type\":\"PropertyValueSpecification\",\"valueRequired\":true,\"valueName\":\"search_term_string\"}}],\"inLanguage\":\"pt-BR\"}]}<\/script>\n<!-- \/ Yoast SEO plugin. -->","yoast_head_json":{"title":"Administra\u00e7\u00e3o e Equipe - Semin\u00e1rio Teol\u00f3gico Betel","robots":{"index":"noindex","follow":"follow","max-snippet":"max-snippet:-1","max-image-preview":"max-image-preview:large","max-video-preview":"max-video-preview:-1"},"og_locale":"pt_BR","og_type":"article","og_title":"Administra\u00e7\u00e3o e Equipe - Semin\u00e1rio Teol\u00f3gico Betel","og_description":"[et_pb_section fb_built=&#8221;1&#8243; admin_label=&#8221;section&#8221; _builder_version=&#8221;3.23.3&#8243; use_background_color_gradient=&#8221;on&#8221; background_color_gradient_start=&#8221;#0a80aa&#8221; background_color_gradient_end=&#8221;#0d5084&#8243; background_color_gradient_direction=&#8221;245deg&#8221; background_color_gradient_start_position=&#8221;59%&#8221; global_module=&#8221;88&#8243; saved_tabs=&#8221;all&#8221; fb_built=&#8221;1&#8243; background_color_gradient_end__hover=&#8221;rgba(0,75,132,0.48)&#8221; use_background_color_gradient__hover=&#8221;on&#8221; _i=&#8221;0&#8243; _address=&#8221;0&#8243;][et_pb_row admin_label=&#8221;row&#8221; _builder_version=&#8221;3.25&#8243; background_size=&#8221;initial&#8221; background_position=&#8221;top_left&#8221; background_repeat=&#8221;repeat&#8221; _i=&#8221;0&#8243; _address=&#8221;0.0&#8243;][et_pb_column type=&#8221;4_4&#8243; _builder_version=&#8221;3.25&#8243; custom_padding=&#8221;|||&#8221; _i=&#8221;0&#8243; _address=&#8221;0.0.0&#8243; custom_padding__hover=&#8221;|||&#8221;][et_pb_post_title meta=&#8221;off&#8221; featured_image=&#8221;off&#8221; _builder_version=&#8221;3.23.3&#8243; title_font=&#8221;Amethysta||||||||&#8221; title_text_color=&#8221;#ffffff&#8221; title_font_size=&#8221;50px&#8221; _i=&#8221;0&#8243; _address=&#8221;0.0.0.0&#8243;][\/et_pb_post_title][\/et_pb_column][\/et_pb_row][\/et_pb_section][et_pb_section fb_built=&#8221;1&#8243; _builder_version=&#8221;3.23.3&#8243; custom_padding=&#8221;21px|||||&#8221; fb_built=&#8221;1&#8243; _i=&#8221;1&#8243; _address=&#8221;1&#8243;][et_pb_row _builder_version=&#8221;3.25&#8243; custom_padding=&#8221;15px|||||&#8221; _i=&#8221;0&#8243; _address=&#8221;1.0&#8243;][et_pb_column type=&#8221;4_4&#8243; _builder_version=&#8221;3.25&#8243; custom_padding=&#8221;|||&#8221; _i=&#8221;0&#8243; _address=&#8221;1.0.0&#8243; custom_padding__hover=&#8221;|||&#8221;][et_pb_text _builder_version=&#8221;3.29.3&#8243; hover_enabled=&#8221;0&#8243; [&hellip;]","og_url":"https:\/\/seminarioteologicobetel.com.br\/?page_id=118","og_site_name":"Semin\u00e1rio Teol\u00f3gico Betel","article_modified_time":"2024-08-23T17:58:34+00:00","twitter_card":"summary_large_image","twitter_misc":{"Est. tempo de leitura":"1 minuto"},"schema":{"@context":"https:\/\/schema.org","@graph":[{"@type":"WebPage","@id":"https:\/\/seminarioteologicobetel.com.br\/?page_id=118","url":"https:\/\/seminarioteologicobetel.com.br\/?page_id=118","name":"Administra\u00e7\u00e3o e Equipe - Semin\u00e1rio Teol\u00f3gico Betel","isPartOf":{"@id":"http:\/\/seminarioteologicobetel.com.br\/#website"},"datePublished":"2019-06-10T04:51:10+00:00","dateModified":"2024-08-23T17:58:34+00:00","breadcrumb":{"@id":"https:\/\/seminarioteologicobetel.com.br\/?page_id=118#breadcrumb"},"inLanguage":"pt-BR","potentialAction":[{"@type":"ReadAction","target":["https:\/\/seminarioteologicobetel.com.br\/?page_id=118"]}]},{"@type":"BreadcrumbList","@id":"https:\/\/seminarioteologicobetel.com.br\/?page_id=118#breadcrumb","itemListElement":[{"@type":"ListItem","position":1,"name":"In\u00edcio","item":"http:\/\/seminarioteologicobetel.com.br\/"},{"@type":"ListItem","position":2,"name":"Administra\u00e7\u00e3o e Equipe"}]},{"@type":"WebSite","@id":"http:\/\/seminarioteologicobetel.com.br\/#website","url":"http:\/\/seminarioteologicobetel.com.br\/","name":"Semin\u00e1rio Teol\u00f3gico Betel","description":"","potentialAction":[{"@type":"SearchAction","target":{"@type":"EntryPoint","urlTemplate":"http:\/\/seminarioteologicobetel.com.br\/?s={search_term_string}"},"query-input":{"@type":"PropertyValueSpecification","valueRequired":true,"valueName":"search_term_string"}}],"inLanguage":"pt-BR"}]}},"_links":{"self":[{"href":"https:\/\/seminarioteologicobetel.com.br\/index.php?rest_route=\/wp\/v2\/pages\/118","targetHints":{"allow":["GET"]}}],"collection":[{"href":"https:\/\/seminarioteologicobetel.com.br\/index.php?rest_route=\/wp\/v2\/pages"}],"about":[{"href":"https:\/\/seminarioteologicobetel.com.br\/index.php?rest_route=\/wp\/v2\/types\/page"}],"author":[{"embeddable":true,"href":"https:\/\/seminarioteologicobetel.com.br\/index.php?rest_route=\/wp\/v2\/users\/1"}],"replies":[{"embeddable":true,"href":"https:\/\/seminarioteologicobetel.com.br\/index.php?rest_route=%2Fwp%2Fv2%2Fcomments&post=118"}],"version-history":[{"count":7,"href":"https:\/\/seminarioteologicobetel.com.br\/index.php?rest_route=\/wp\/v2\/pages\/118\/revisions"}],"predecessor-version":[{"id":515,"href":"https:\/\/seminarioteologicobetel.com.br\/index.php?rest_route=\/wp\/v2\/pages\/118\/revisions\/515"}],"wp:attachment":[{"href":"https:\/\/seminarioteologicobetel.com.br\/index.php?rest_route=%2Fwp%2Fv2%2Fmedia&parent=118"}],"curies":[{"name":"wp","href":"https:\/\/api.w.org\/{rel}","templated":true}]}}